{"id":1274,"date":"2023-06-09T17:46:38","date_gmt":"2023-06-09T17:46:38","guid":{"rendered":"https:\/\/proteo.ca\/?page_id=1274"},"modified":"2026-03-05T19:44:24","modified_gmt":"2026-03-05T19:44:24","slug":"edi-statement","status":"publish","type":"page","link":"https:\/\/proteo.ca\/en\/edi-statement\/","title":{"rendered":"EDI"},"content":{"rendered":"<h2>PROTEO Statement on Equity, Diversity, and Inclusion<\/h2>\n<p>PROTEO is a group of university and college researchers and students from across Quebec seeking to collaborate and valorize their scientific works in protein function-related fundamental research, bioengineering, biofabrication and bioprocesses to promote Quebec&#8217;s bioeconomy in a context of sustainable development. PROTEO believes that the importance of diversity, equity and inclusion is paramount to the success of its mission. The diversity of its members is a richness, a strength and an asset and PROTEO recognizes that it is important to offer a study and research environment that values and applies the principles of equity, diversity, and inclusion.<\/p>\n<h2>Equity, Diversity, and Inclusion Statement and Resources manual<\/h2>\n<p><a href=\"https:\/\/proteo.ca\/content\/uploads\/2023\/11\/proteo-edi-document-en_v6.pdf\">EDI Statement and manual<\/a><\/p>\n<h3>Lexical feminisation<\/h3>\n<ul>\n<li>Office qu\u00e9b\u00e9cois de la langue fran\u00e7aise, Banque de d\u00e9pannage linguistique, <a href=\"https:\/\/vitrinelinguistique.oqlf.gouv.qc.ca\/index.php?id=23912&amp;utm_source=BDL&amp;utm_campaign=Redirection+des+anciens+outils&amp;utm_content=id%3D3912\">Principes g\u00e9n\u00e9raux de la r\u00e9daction \u00e9pic\u00e8ne<\/a> (in french)<\/li>\n<li>Office qu\u00e9b\u00e9cois de la langue fran\u00e7aise, Banque de d\u00e9pannage linguistique, <a href=\"http:\/\/bdl.oqlf.gouv.qc.ca\/BDL\/gabarit_bdl.asp?Th=1&amp;Th_id=274\">F\u00e9minisation et r\u00e9daction \u00e9pic\u00e8ne<\/a> (in french)<\/li>\n<li>Office qu\u00e9b\u00e9cois de la langue fran\u00e7aise, Banque de d\u00e9pannage linguistique, <a href=\"https:\/\/www.oqlf.gouv.qc.ca\/redaction-epicene\/formation-redaction-epicene.pdf\">Autoformation en ligne sur la r\u00e9daction \u00e9pic\u00e8ne<\/a> (in french)<\/li>\n<\/ul>\n<h3>Unconscious bias<\/h3>\n<ul>\n<li>Canada Research Chairs, <a href=\"https:\/\/www.chairs-chaires.gc.ca\/program-programme\/equity-equite\/bias\/module-eng.aspx?pedisable=false\">Unconscious bias training module<\/a><\/li>\n<li>RQEDI, <a href=\"https:\/\/rqedi.com\/activites\/formations\/\">Formation sur les biais inconscients et le recrutement<\/a> (in french)<\/li>\n<li>D. Girier, J. Lamouri and B. Pulido, <a href=\"https:\/\/ivado.ca\/PDF\/Biais-inconscient-recrutement-en\/\">Unconcious Bias and Recruting<\/a>, IVADO<\/li>\n<li>T. Greenwald, M. Banaji and B. Nosek, <a href=\"https:\/\/implicit.harvard.edu\/implicit\/takeatest.html\">Project Implicit<\/a><\/li>\n<\/ul>\n<p>&nbsp;<\/p>\n<h3>EDI in research<\/h3>\n<ul>\n<li>FRQNT. <a href=\"http:\/\/www.frqnt.gouv.qc.ca\/documents\/10179\/4748671\/FRQNT_EDI_LIGNES_DIRECTRICES_FR_31-07-2019.pdf\/b8c53c03-bef1-4054-9cf5-20112dd419c5\">Lignes directrices sur la prise en compte de l\u2019\u00e9quit\u00e9, la diversit\u00e9 et l\u2019inclusion dans l\u2019\u00e9valuation des regroupements strat\u00e9gique du FRQNT<\/a>. (in french)<\/li>\n<li>CRSNG. <a href=\"https:\/\/www.nserc-crsng.gc.ca\/_doc\/EDI\/Guide_for_Applicants_fr.pdf\">Guide du candidat : Tenir compte de l\u2019\u00e9quit\u00e9, de la diversit\u00e9 et de l\u2019inclusion dans votre demande\u00a0<\/a> (in french)<\/li>\n<\/ul>\n<p>&nbsp;<\/p>\n<h3>Land acknowledgement<\/h3>\n<ul>\n<li><a href=\"https:\/\/native-land.ca\/\">Map of Indigenous lands<\/a>. https:\/\/rqedi.com\/wp-content\/uploads\/2022\/03\/VF-Reconnaissance-territoriale.pdf<\/li>\n<\/ul>\n<p>&nbsp;<\/p>\n<h2>EDI Committee<\/h2>\n<div class=\"wysiwyg-persons\"><div class=\"row\"><div class=\"col-12 col-sm-6 col-md-4 col-xl-3 wysiwyg-persons-item\"><img decoding=\"async\" src=\"https:\/\/proteo.ca\/content\/uploads\/2023\/08\/sabine-elowe-600x680-c-default-390x500.jpg\" class=\"w-100 mb-2\"><h4>Member of the EDI Committee - Director <\/h4><p><strong>Sabine Elowe<\/strong><\/p><a href=\"mailto:sabine.elowe@crchudequebec.ulaval.ca\" class=\"mr-1\"><i class=\"fas fa-envelope\"><\/i><\/a><\/div><div class=\"col-12 col-sm-6 col-md-4 col-xl-3 wysiwyg-persons-item\"><img decoding=\"async\" src=\"https:\/\/proteo.ca\/content\/uploads\/2023\/06\/auclair-1-390x500.jpg\" class=\"w-100 mb-2\"><h4>Member of the EDI Committee<\/h4><p><strong>Karine Auclair<\/strong><\/p><\/div><div class=\"col-12 col-sm-6 col-md-4 col-xl-3 wysiwyg-persons-item\"><img decoding=\"async\" src=\"https:\/\/proteo.ca\/content\/uploads\/2023\/08\/capture-leka-sleno-390x500.png\" class=\"w-100 mb-2\"><h4>Member of the EDI Committee<\/h4><p><strong>Lekha Sleno<\/strong><\/p><\/div><div class=\"col-12 col-sm-6 col-md-4 col-xl-3 wysiwyg-persons-item\"><img decoding=\"async\" src=\"https:\/\/proteo.ca\/content\/uploads\/2022\/09\/tagnon-missihoun-768x1024-390x500.jpg\" class=\"w-100 mb-2\"><h4>Member of the EDI Committee<\/h4><p><strong>Tagnon Missihoun<\/strong><\/p><\/div><div class=\"col-12 col-sm-6 col-md-4 col-xl-3 wysiwyg-persons-item\"><img decoding=\"async\" src=\"https:\/\/proteo.ca\/content\/uploads\/2023\/08\/capture-anthony-mittermaier.png\" class=\"w-100 mb-2\"><h4>Member of the EDI Committee<\/h4><p><strong>Anthony Mittermaier<\/strong><\/p><\/div><div class=\"col-12 col-sm-6 col-md-4 col-xl-3 wysiwyg-persons-item\"><img decoding=\"async\" src=\"https:\/\/proteo.ca\/content\/uploads\/2023\/11\/jd-photo-professionnelle-390x500.jpeg\" class=\"w-100 mb-2\"><h4>Member of the EDI Committee - Research Associate, INRS<\/h4><p><strong>Juliana Dallagnol<\/strong><\/p><a href=\"mailto:juliana.dallagnol@inrs.ca\" class=\"mr-1\"><i class=\"fas fa-envelope\"><\/i><\/a><\/div><div class=\"col-12 col-sm-6 col-md-4 col-xl-3 wysiwyg-persons-item\"><img decoding=\"async\" src=\"https:\/\/proteo.ca\/content\/uploads\/2026\/03\/roxana_photo_proteo-390x500.jpg\" class=\"w-100 mb-2\"><h4>Member of the EDI Committee - Student representative<\/h4><p><strong>Roxana Tarabuta<\/strong><\/p><\/div><\/div><\/div>\n","protected":false},"excerpt":{"rendered":"<p>PROTEO Statement on Equity, Diversity, and Inclusion PROTEO is a group of university and college researchers and students from across Quebec seeking to collaborate and valorize their scientific works in protein function-related fundamental research, bioengineering, biofabrication and bioprocesses to promote Quebec&#8217;s bioeconomy in a context of sustainable development. PROTEO believes that the importance of diversity, [&hellip;]<\/p>\n","protected":false},"author":3,"featured_media":0,"parent":0,"menu_order":0,"comment_status":"closed","ping_status":"closed","template":"","meta":{"_acf_changed":false,"footnotes":""},"class_list":["post-1274","page","type-page","status-publish","hentry"],"acf":[],"yoast_head":"<!-- This site is optimized with the Yoast SEO plugin v26.1.1 - https:\/\/yoast.com\/wordpress\/plugins\/seo\/ -->\n<title>EDI - PROTEO<\/title>\n<meta name=\"robots\" content=\"index, follow, max-snippet:-1, max-image-preview:large, max-video-preview:-1\" \/>\n<link rel=\"canonical\" href=\"https:\/\/proteo.ca\/en\/edi-statement\/\" \/>\n<meta property=\"og:locale\" content=\"en_US\" \/>\n<meta property=\"og:type\" content=\"article\" \/>\n<meta property=\"og:title\" content=\"EDI - PROTEO\" \/>\n<meta property=\"og:description\" content=\"PROTEO Statement on Equity, Diversity, and Inclusion PROTEO is a group of university and college researchers and students from across Quebec seeking to collaborate and valorize their scientific works in protein function-related fundamental research, bioengineering, biofabrication and bioprocesses to promote Quebec&#8217;s bioeconomy in a context of sustainable development. PROTEO believes that the importance of diversity, [&hellip;]\" \/>\n<meta property=\"og:url\" content=\"https:\/\/proteo.ca\/en\/edi-statement\/\" \/>\n<meta property=\"og:site_name\" content=\"PROTEO\" \/>\n<meta property=\"article:modified_time\" content=\"2026-03-05T19:44:24+00:00\" \/>\n<meta property=\"og:image\" content=\"https:\/\/proteo.ca\/content\/uploads\/2019\/10\/about.jpg\" \/>\n\t<meta property=\"og:image:width\" content=\"1260\" \/>\n\t<meta property=\"og:image:height\" content=\"810\" \/>\n\t<meta property=\"og:image:type\" content=\"image\/jpeg\" \/>\n<meta name=\"twitter:card\" content=\"summary_large_image\" \/>\n<meta name=\"twitter:label1\" content=\"Est. reading time\" \/>\n\t<meta name=\"twitter:data1\" content=\"4 minutes\" \/>\n<script type=\"application\/ld+json\" class=\"yoast-schema-graph\">{\"@context\":\"https:\/\/schema.org\",\"@graph\":[{\"@type\":\"WebPage\",\"@id\":\"https:\/\/proteo.ca\/en\/edi-statement\/\",\"url\":\"https:\/\/proteo.ca\/en\/edi-statement\/\",\"name\":\"EDI - PROTEO\",\"isPartOf\":{\"@id\":\"https:\/\/proteo.ca\/en\/#website\"},\"datePublished\":\"2023-06-09T17:46:38+00:00\",\"dateModified\":\"2026-03-05T19:44:24+00:00\",\"breadcrumb\":{\"@id\":\"https:\/\/proteo.ca\/en\/edi-statement\/#breadcrumb\"},\"inLanguage\":\"en-US\",\"potentialAction\":[{\"@type\":\"ReadAction\",\"target\":[\"https:\/\/proteo.ca\/en\/edi-statement\/\"]}]},{\"@type\":\"BreadcrumbList\",\"@id\":\"https:\/\/proteo.ca\/en\/edi-statement\/#breadcrumb\",\"itemListElement\":[{\"@type\":\"ListItem\",\"position\":1,\"name\":\"Home\",\"item\":\"https:\/\/proteo.ca\/en\/\"},{\"@type\":\"ListItem\",\"position\":2,\"name\":\"EDI\"}]},{\"@type\":\"WebSite\",\"@id\":\"https:\/\/proteo.ca\/en\/#website\",\"url\":\"https:\/\/proteo.ca\/en\/\",\"name\":\"PROTEO\",\"description\":\"Regroupement qu\u00e9b\u00e9cois de recherche sur la fonction, l&#039;ing\u00e9nierie et les applications des prot\u00e9ines\",\"publisher\":{\"@id\":\"https:\/\/proteo.ca\/en\/#organization\"},\"potentialAction\":[{\"@type\":\"SearchAction\",\"target\":{\"@type\":\"EntryPoint\",\"urlTemplate\":\"https:\/\/proteo.ca\/en\/?s={search_term_string}\"},\"query-input\":{\"@type\":\"PropertyValueSpecification\",\"valueRequired\":true,\"valueName\":\"search_term_string\"}}],\"inLanguage\":\"en-US\"},{\"@type\":\"Organization\",\"@id\":\"https:\/\/proteo.ca\/en\/#organization\",\"name\":\"PROTEO\",\"url\":\"https:\/\/proteo.ca\/en\/\",\"logo\":{\"@type\":\"ImageObject\",\"inLanguage\":\"en-US\",\"@id\":\"https:\/\/proteo.ca\/en\/#\/schema\/logo\/image\/\",\"url\":\"https:\/\/proteo.ca\/content\/uploads\/2019\/10\/logo_proteo.png\",\"contentUrl\":\"https:\/\/proteo.ca\/content\/uploads\/2019\/10\/logo_proteo.png\",\"width\":3300,\"height\":1500,\"caption\":\"PROTEO\"},\"image\":{\"@id\":\"https:\/\/proteo.ca\/en\/#\/schema\/logo\/image\/\"}}]}<\/script>\n<!-- \/ Yoast SEO plugin. -->","yoast_head_json":{"title":"EDI - PROTEO","robots":{"index":"index","follow":"follow","max-snippet":"max-snippet:-1","max-image-preview":"max-image-preview:large","max-video-preview":"max-video-preview:-1"},"canonical":"https:\/\/proteo.ca\/en\/edi-statement\/","og_locale":"en_US","og_type":"article","og_title":"EDI - PROTEO","og_description":"PROTEO Statement on Equity, Diversity, and Inclusion PROTEO is a group of university and college researchers and students from across Quebec seeking to collaborate and valorize their scientific works in protein function-related fundamental research, bioengineering, biofabrication and bioprocesses to promote Quebec&#8217;s bioeconomy in a context of sustainable development. PROTEO believes that the importance of diversity, [&hellip;]","og_url":"https:\/\/proteo.ca\/en\/edi-statement\/","og_site_name":"PROTEO","article_modified_time":"2026-03-05T19:44:24+00:00","og_image":[{"width":1260,"height":810,"url":"https:\/\/proteo.ca\/content\/uploads\/2019\/10\/about.jpg","type":"image\/jpeg"}],"twitter_card":"summary_large_image","twitter_misc":{"Est. reading time":"4 minutes"},"schema":{"@context":"https:\/\/schema.org","@graph":[{"@type":"WebPage","@id":"https:\/\/proteo.ca\/en\/edi-statement\/","url":"https:\/\/proteo.ca\/en\/edi-statement\/","name":"EDI - PROTEO","isPartOf":{"@id":"https:\/\/proteo.ca\/en\/#website"},"datePublished":"2023-06-09T17:46:38+00:00","dateModified":"2026-03-05T19:44:24+00:00","breadcrumb":{"@id":"https:\/\/proteo.ca\/en\/edi-statement\/#breadcrumb"},"inLanguage":"en-US","potentialAction":[{"@type":"ReadAction","target":["https:\/\/proteo.ca\/en\/edi-statement\/"]}]},{"@type":"BreadcrumbList","@id":"https:\/\/proteo.ca\/en\/edi-statement\/#breadcrumb","itemListElement":[{"@type":"ListItem","position":1,"name":"Home","item":"https:\/\/proteo.ca\/en\/"},{"@type":"ListItem","position":2,"name":"EDI"}]},{"@type":"WebSite","@id":"https:\/\/proteo.ca\/en\/#website","url":"https:\/\/proteo.ca\/en\/","name":"PROTEO","description":"Regroupement qu\u00e9b\u00e9cois de recherche sur la fonction, l&#039;ing\u00e9nierie et les applications des prot\u00e9ines","publisher":{"@id":"https:\/\/proteo.ca\/en\/#organization"},"potentialAction":[{"@type":"SearchAction","target":{"@type":"EntryPoint","urlTemplate":"https:\/\/proteo.ca\/en\/?s={search_term_string}"},"query-input":{"@type":"PropertyValueSpecification","valueRequired":true,"valueName":"search_term_string"}}],"inLanguage":"en-US"},{"@type":"Organization","@id":"https:\/\/proteo.ca\/en\/#organization","name":"PROTEO","url":"https:\/\/proteo.ca\/en\/","logo":{"@type":"ImageObject","inLanguage":"en-US","@id":"https:\/\/proteo.ca\/en\/#\/schema\/logo\/image\/","url":"https:\/\/proteo.ca\/content\/uploads\/2019\/10\/logo_proteo.png","contentUrl":"https:\/\/proteo.ca\/content\/uploads\/2019\/10\/logo_proteo.png","width":3300,"height":1500,"caption":"PROTEO"},"image":{"@id":"https:\/\/proteo.ca\/en\/#\/schema\/logo\/image\/"}}]}},"_links":{"self":[{"href":"https:\/\/proteo.ca\/en\/wp-json\/wp\/v2\/pages\/1274","targetHints":{"allow":["GET"]}}],"collection":[{"href":"https:\/\/proteo.ca\/en\/wp-json\/wp\/v2\/pages"}],"about":[{"href":"https:\/\/proteo.ca\/en\/wp-json\/wp\/v2\/types\/page"}],"author":[{"embeddable":true,"href":"https:\/\/proteo.ca\/en\/wp-json\/wp\/v2\/users\/3"}],"replies":[{"embeddable":true,"href":"https:\/\/proteo.ca\/en\/wp-json\/wp\/v2\/comments?post=1274"}],"version-history":[{"count":33,"href":"https:\/\/proteo.ca\/en\/wp-json\/wp\/v2\/pages\/1274\/revisions"}],"predecessor-version":[{"id":2973,"href":"https:\/\/proteo.ca\/en\/wp-json\/wp\/v2\/pages\/1274\/revisions\/2973"}],"wp:attachment":[{"href":"https:\/\/proteo.ca\/en\/wp-json\/wp\/v2\/media?parent=1274"}],"curies":[{"name":"wp","href":"https:\/\/api.w.org\/{rel}","templated":true}]}}