{"id":2073,"date":"2024-09-13T20:34:44","date_gmt":"2024-09-13T20:34:44","guid":{"rendered":"https:\/\/proteo.ca\/?page_id=2073"},"modified":"2024-09-13T20:34:44","modified_gmt":"2024-09-13T20:34:44","slug":"gouvernance","status":"publish","type":"page","link":"https:\/\/proteo.ca\/en\/gouvernance\/","title":{"rendered":"Gouvernance"},"content":{"rendered":"<h2>Notre \u00e9quipe de direction<\/h2>\n<div class=\"wysiwyg-persons\"><div class=\"row\"><div class=\"col-12 col-sm-6 col-md-4 col-xl-3 wysiwyg-persons-item\"><img decoding=\"async\" src=\"https:\/\/proteo.ca\/content\/uploads\/2019\/10\/steve-bourgault-390x500.jpg\" class=\"w-100 mb-2\"><h4>Directeur de PROTEO<\/h4><p><strong>Steve Bourgault, Ph.D.<\/strong><\/p><p class=\"font-smaller\">D\u00e9partement de Chimie, Universit\u00e9 du Qu\u00e9bec \u00e0 Montr\u00e9al<br \/>\r\nC.P. 8888, Succursale Centre-Ville<br \/>\r\nMontr\u00e9al, H3C 3P8, Canada<\/p><a href=\"mailto:bourgault.steve@uqam.ca\" class=\"mr-1\"><i class=\"fas fa-envelope\"><\/i><\/a><a href=\"tel:+151498730005161\"><i class=\"fas fa-phone\"><\/i><\/a><\/div><div class=\"col-12 col-sm-6 col-md-4 col-xl-3 wysiwyg-persons-item\"><img decoding=\"async\" src=\"https:\/\/proteo.ca\/content\/uploads\/2023\/08\/sabine-elowe-600x680-c-default-390x500.jpg\" class=\"w-100 mb-2\"><h4>Co-directrice de PROTEO<\/h4><p><strong>Sabine Elowe, Ph.D.<\/strong><\/p><p class=\"font-smaller\">D\u00e9partement de p\u00e9diatrie, Facult\u00e9 de M\u00e9decine, Universit\u00e9 Laval<br \/>\r\nAxe Reproduction, sant\u00e9 de la m\u00e8re et de l'enfant<br \/>\r\nCentre de recherche du CHU de Qu\u00e9bec<br \/>\r\n+1 418 525-4444 ex 46252<\/p><\/div><\/div><\/div>\n","protected":false},"excerpt":{"rendered":"<p>Notre \u00e9quipe de direction<\/p>\n","protected":false},"author":3,"featured_media":0,"parent":0,"menu_order":0,"comment_status":"closed","ping_status":"closed","template":"page-about.php","meta":{"_acf_changed":false,"footnotes":""},"class_list":["post-2073","page","type-page","status-publish","hentry"],"acf":[],"yoast_head":"<!-- This site is optimized with the Yoast SEO plugin v26.1.1 - https:\/\/yoast.com\/wordpress\/plugins\/seo\/ -->\n<title>Gouvernance - PROTEO<\/title>\n<meta name=\"robots\" content=\"index, follow, max-snippet:-1, max-image-preview:large, max-video-preview:-1\" \/>\n<link rel=\"canonical\" href=\"https:\/\/proteo.ca\/en\/gouvernance\/\" \/>\n<meta property=\"og:locale\" content=\"en_US\" \/>\n<meta property=\"og:type\" content=\"article\" \/>\n<meta property=\"og:title\" content=\"Gouvernance - PROTEO\" \/>\n<meta property=\"og:description\" content=\"Notre \u00e9quipe de direction\" \/>\n<meta property=\"og:url\" content=\"https:\/\/proteo.ca\/en\/gouvernance\/\" \/>\n<meta property=\"og:site_name\" content=\"PROTEO\" \/>\n<meta property=\"og:image\" content=\"https:\/\/proteo.ca\/content\/uploads\/2019\/10\/about.jpg\" \/>\n\t<meta property=\"og:image:width\" content=\"1260\" \/>\n\t<meta property=\"og:image:height\" content=\"810\" \/>\n\t<meta property=\"og:image:type\" content=\"image\/jpeg\" \/>\n<meta name=\"twitter:card\" content=\"summary_large_image\" \/>\n<script type=\"application\/ld+json\" class=\"yoast-schema-graph\">{\"@context\":\"https:\/\/schema.org\",\"@graph\":[{\"@type\":\"WebPage\",\"@id\":\"https:\/\/proteo.ca\/en\/gouvernance\/\",\"url\":\"https:\/\/proteo.ca\/en\/gouvernance\/\",\"name\":\"Gouvernance - PROTEO\",\"isPartOf\":{\"@id\":\"https:\/\/proteo.ca\/en\/#website\"},\"datePublished\":\"2024-09-13T20:34:44+00:00\",\"breadcrumb\":{\"@id\":\"https:\/\/proteo.ca\/en\/gouvernance\/#breadcrumb\"},\"inLanguage\":\"en-US\",\"potentialAction\":[{\"@type\":\"ReadAction\",\"target\":[\"https:\/\/proteo.ca\/en\/gouvernance\/\"]}]},{\"@type\":\"BreadcrumbList\",\"@id\":\"https:\/\/proteo.ca\/en\/gouvernance\/#breadcrumb\",\"itemListElement\":[{\"@type\":\"ListItem\",\"position\":1,\"name\":\"Home\",\"item\":\"https:\/\/proteo.ca\/en\/\"},{\"@type\":\"ListItem\",\"position\":2,\"name\":\"Gouvernance\"}]},{\"@type\":\"WebSite\",\"@id\":\"https:\/\/proteo.ca\/en\/#website\",\"url\":\"https:\/\/proteo.ca\/en\/\",\"name\":\"PROTEO\",\"description\":\"Regroupement qu\u00e9b\u00e9cois de recherche sur la fonction, l&#039;ing\u00e9nierie et les applications des prot\u00e9ines\",\"publisher\":{\"@id\":\"https:\/\/proteo.ca\/en\/#organization\"},\"potentialAction\":[{\"@type\":\"SearchAction\",\"target\":{\"@type\":\"EntryPoint\",\"urlTemplate\":\"https:\/\/proteo.ca\/en\/?s={search_term_string}\"},\"query-input\":{\"@type\":\"PropertyValueSpecification\",\"valueRequired\":true,\"valueName\":\"search_term_string\"}}],\"inLanguage\":\"en-US\"},{\"@type\":\"Organization\",\"@id\":\"https:\/\/proteo.ca\/en\/#organization\",\"name\":\"PROTEO\",\"url\":\"https:\/\/proteo.ca\/en\/\",\"logo\":{\"@type\":\"ImageObject\",\"inLanguage\":\"en-US\",\"@id\":\"https:\/\/proteo.ca\/en\/#\/schema\/logo\/image\/\",\"url\":\"https:\/\/proteo.ca\/content\/uploads\/2019\/10\/logo_proteo.png\",\"contentUrl\":\"https:\/\/proteo.ca\/content\/uploads\/2019\/10\/logo_proteo.png\",\"width\":3300,\"height\":1500,\"caption\":\"PROTEO\"},\"image\":{\"@id\":\"https:\/\/proteo.ca\/en\/#\/schema\/logo\/image\/\"}}]}<\/script>\n<!-- \/ Yoast SEO plugin. -->","yoast_head_json":{"title":"Gouvernance - PROTEO","robots":{"index":"index","follow":"follow","max-snippet":"max-snippet:-1","max-image-preview":"max-image-preview:large","max-video-preview":"max-video-preview:-1"},"canonical":"https:\/\/proteo.ca\/en\/gouvernance\/","og_locale":"en_US","og_type":"article","og_title":"Gouvernance - PROTEO","og_description":"Notre \u00e9quipe de direction","og_url":"https:\/\/proteo.ca\/en\/gouvernance\/","og_site_name":"PROTEO","og_image":[{"width":1260,"height":810,"url":"https:\/\/proteo.ca\/content\/uploads\/2019\/10\/about.jpg","type":"image\/jpeg"}],"twitter_card":"summary_large_image","schema":{"@context":"https:\/\/schema.org","@graph":[{"@type":"WebPage","@id":"https:\/\/proteo.ca\/en\/gouvernance\/","url":"https:\/\/proteo.ca\/en\/gouvernance\/","name":"Gouvernance - PROTEO","isPartOf":{"@id":"https:\/\/proteo.ca\/en\/#website"},"datePublished":"2024-09-13T20:34:44+00:00","breadcrumb":{"@id":"https:\/\/proteo.ca\/en\/gouvernance\/#breadcrumb"},"inLanguage":"en-US","potentialAction":[{"@type":"ReadAction","target":["https:\/\/proteo.ca\/en\/gouvernance\/"]}]},{"@type":"BreadcrumbList","@id":"https:\/\/proteo.ca\/en\/gouvernance\/#breadcrumb","itemListElement":[{"@type":"ListItem","position":1,"name":"Home","item":"https:\/\/proteo.ca\/en\/"},{"@type":"ListItem","position":2,"name":"Gouvernance"}]},{"@type":"WebSite","@id":"https:\/\/proteo.ca\/en\/#website","url":"https:\/\/proteo.ca\/en\/","name":"PROTEO","description":"Regroupement qu\u00e9b\u00e9cois de recherche sur la fonction, l&#039;ing\u00e9nierie et les applications des prot\u00e9ines","publisher":{"@id":"https:\/\/proteo.ca\/en\/#organization"},"potentialAction":[{"@type":"SearchAction","target":{"@type":"EntryPoint","urlTemplate":"https:\/\/proteo.ca\/en\/?s={search_term_string}"},"query-input":{"@type":"PropertyValueSpecification","valueRequired":true,"valueName":"search_term_string"}}],"inLanguage":"en-US"},{"@type":"Organization","@id":"https:\/\/proteo.ca\/en\/#organization","name":"PROTEO","url":"https:\/\/proteo.ca\/en\/","logo":{"@type":"ImageObject","inLanguage":"en-US","@id":"https:\/\/proteo.ca\/en\/#\/schema\/logo\/image\/","url":"https:\/\/proteo.ca\/content\/uploads\/2019\/10\/logo_proteo.png","contentUrl":"https:\/\/proteo.ca\/content\/uploads\/2019\/10\/logo_proteo.png","width":3300,"height":1500,"caption":"PROTEO"},"image":{"@id":"https:\/\/proteo.ca\/en\/#\/schema\/logo\/image\/"}}]}},"_links":{"self":[{"href":"https:\/\/proteo.ca\/en\/wp-json\/wp\/v2\/pages\/2073","targetHints":{"allow":["GET"]}}],"collection":[{"href":"https:\/\/proteo.ca\/en\/wp-json\/wp\/v2\/pages"}],"about":[{"href":"https:\/\/proteo.ca\/en\/wp-json\/wp\/v2\/types\/page"}],"author":[{"embeddable":true,"href":"https:\/\/proteo.ca\/en\/wp-json\/wp\/v2\/users\/3"}],"replies":[{"embeddable":true,"href":"https:\/\/proteo.ca\/en\/wp-json\/wp\/v2\/comments?post=2073"}],"version-history":[{"count":1,"href":"https:\/\/proteo.ca\/en\/wp-json\/wp\/v2\/pages\/2073\/revisions"}],"predecessor-version":[{"id":2074,"href":"https:\/\/proteo.ca\/en\/wp-json\/wp\/v2\/pages\/2073\/revisions\/2074"}],"wp:attachment":[{"href":"https:\/\/proteo.ca\/en\/wp-json\/wp\/v2\/media?parent=2073"}],"curies":[{"name":"wp","href":"https:\/\/api.w.org\/{rel}","templated":true}]}}