{"id":2121,"date":"2024-09-19T20:22:58","date_gmt":"2024-09-19T20:22:58","guid":{"rendered":"https:\/\/proteo.ca\/?page_id=2121"},"modified":"2026-04-09T18:48:44","modified_gmt":"2026-04-09T18:48:44","slug":"annual-symposium","status":"publish","type":"page","link":"https:\/\/proteo.ca\/en\/annual-symposium\/","title":{"rendered":"Annual Symposium"},"content":{"rendered":"<h2>PROTEO Annual Symposium<\/h2>\n<p>This event is an excellent opportunity for all PROTEO members* to learn more about the diversity of our expertise, our research interests and to thus pave the way for\u00a0new collaborations.<\/p>\n<p><em>*PROTEO members: regular and associate researchers, student members and postdoctoral fellows under their supervision, and research professionals.<\/em><\/p>\n<p><strong>Save the date:<\/strong> The 25th annual PROTEO Symposium will take place on May 20, 21 and 22, 2026 at Universit\u00e9 Laval.<\/p>\n<p><strong>For details and registration:<\/strong> <a href=\"https:\/\/event.fourwaves.com\/fr\/proteo2026\">https:\/\/event.fourwaves.com\/fr\/proteo2026<\/a><\/p>\n<h2>Previous symposiums<\/h2>\n<ul>\n<li>Symposium 2025 &#8211; 24rd \u00e9dition : <a href=\"https:\/\/proteo.ca\/en\/news-and-events\/24th-annual-proteo-symposium\/\">News<\/a> and <a href=\"https:\/\/event.fourwaves.com\/proteo2025\/pages\">event website<\/a>.<\/li>\n<li>Symposium 2024 &#8211; 23rd \u00e9dition : <a href=\"https:\/\/proteo.ca\/en\/news-and-events\/23e-symposium-annuel-de-proteo\/\">News<\/a> and <a href=\"https:\/\/event.fourwaves.com\/proteo2024\/pages\">event website<\/a>.<\/li>\n<li>Symposium 2023 &#8211; 22nd \u00e9dition : <a href=\"https:\/\/proteo.ca\/en\/news-and-events\/colloque-2023\/\">News<\/a> and <a href=\"https:\/\/event.fourwaves.com\/fr\/proteo2023\/pages\">event website<\/a>.<\/li>\n<li><a href=\"https:\/\/event.fourwaves.com\/fr\/proteo2022\/pages\">Symposium 2022 &#8211; 21st \u00e9dition<\/a><\/li>\n<li><a href=\"https:\/\/event.fourwaves.com\/proteo2021\/pages\">Symposium 2021 &#8211; 20th \u00e9dition<\/a><\/li>\n<li><a href=\"https:\/\/event.fourwaves.com\/proteo2019\/pages\">Symposium 2019 &#8211; 18th \u00e9dition<\/a><\/li>\n<li><a href=\"https:\/\/event.fourwaves.com\/proteo2018\/pages\">Symposium 2018 &#8211; 17th \u00e9dition<\/a><\/li>\n<li><a href=\"https:\/\/event.fourwaves.com\/proteo2017\/pages\">Symposium 2017 &#8211; 16th \u00e9dition<\/a><\/li>\n<\/ul>\n<div class=\"wysiwyg-block ml-auto mr-auto container-max-600\"><\/div>\n","protected":false},"excerpt":{"rendered":"<p>PROTEO Annual Symposium This event is an excellent opportunity for all PROTEO members* to learn more about the diversity of our expertise, our research interests and to thus pave the way for\u00a0new collaborations. *PROTEO members: regular and associate researchers, student members and postdoctoral fellows under their supervision, and research professionals. Save the date: The 25th [&hellip;]<\/p>\n","protected":false},"author":3,"featured_media":3012,"parent":0,"menu_order":0,"comment_status":"closed","ping_status":"closed","template":"","meta":{"_acf_changed":false,"footnotes":""},"class_list":["post-2121","page","type-page","status-publish","has-post-thumbnail","hentry"],"acf":[],"yoast_head":"<!-- This site is optimized with the Yoast SEO plugin v26.1.1 - https:\/\/yoast.com\/wordpress\/plugins\/seo\/ -->\n<title>Annual Symposium - PROTEO<\/title>\n<meta name=\"robots\" content=\"index, follow, max-snippet:-1, max-image-preview:large, max-video-preview:-1\" \/>\n<link rel=\"canonical\" href=\"https:\/\/proteo.ca\/en\/annual-symposium\/\" \/>\n<meta property=\"og:locale\" content=\"en_US\" \/>\n<meta property=\"og:type\" content=\"article\" \/>\n<meta property=\"og:title\" content=\"Annual Symposium - PROTEO\" \/>\n<meta property=\"og:description\" content=\"PROTEO Annual Symposium This event is an excellent opportunity for all PROTEO members* to learn more about the diversity of our expertise, our research interests and to thus pave the way for\u00a0new collaborations. *PROTEO members: regular and associate researchers, student members and postdoctoral fellows under their supervision, and research professionals. Save the date: The 25th [&hellip;]\" \/>\n<meta property=\"og:url\" content=\"https:\/\/proteo.ca\/en\/annual-symposium\/\" \/>\n<meta property=\"og:site_name\" content=\"PROTEO\" \/>\n<meta property=\"article:modified_time\" content=\"2026-04-09T18:48:44+00:00\" \/>\n<meta property=\"og:image\" content=\"https:\/\/proteo.ca\/content\/uploads\/2026\/04\/affiches-symposium-gairdner-2026.png\" \/>\n\t<meta property=\"og:image:width\" content=\"1651\" \/>\n\t<meta property=\"og:image:height\" content=\"2101\" \/>\n\t<meta property=\"og:image:type\" content=\"image\/png\" \/>\n<meta name=\"twitter:card\" content=\"summary_large_image\" \/>\n<meta name=\"twitter:label1\" content=\"Est. reading time\" \/>\n\t<meta name=\"twitter:data1\" content=\"2 minutes\" \/>\n<script type=\"application\/ld+json\" class=\"yoast-schema-graph\">{\"@context\":\"https:\/\/schema.org\",\"@graph\":[{\"@type\":\"WebPage\",\"@id\":\"https:\/\/proteo.ca\/en\/annual-symposium\/\",\"url\":\"https:\/\/proteo.ca\/en\/annual-symposium\/\",\"name\":\"Annual Symposium - PROTEO\",\"isPartOf\":{\"@id\":\"https:\/\/proteo.ca\/en\/#website\"},\"primaryImageOfPage\":{\"@id\":\"https:\/\/proteo.ca\/en\/annual-symposium\/#primaryimage\"},\"image\":{\"@id\":\"https:\/\/proteo.ca\/en\/annual-symposium\/#primaryimage\"},\"thumbnailUrl\":\"https:\/\/proteo.ca\/content\/uploads\/2026\/04\/affiches-symposium-gairdner-2026.png\",\"datePublished\":\"2024-09-19T20:22:58+00:00\",\"dateModified\":\"2026-04-09T18:48:44+00:00\",\"breadcrumb\":{\"@id\":\"https:\/\/proteo.ca\/en\/annual-symposium\/#breadcrumb\"},\"inLanguage\":\"en-US\",\"potentialAction\":[{\"@type\":\"ReadAction\",\"target\":[\"https:\/\/proteo.ca\/en\/annual-symposium\/\"]}]},{\"@type\":\"ImageObject\",\"inLanguage\":\"en-US\",\"@id\":\"https:\/\/proteo.ca\/en\/annual-symposium\/#primaryimage\",\"url\":\"https:\/\/proteo.ca\/content\/uploads\/2026\/04\/affiches-symposium-gairdner-2026.png\",\"contentUrl\":\"https:\/\/proteo.ca\/content\/uploads\/2026\/04\/affiches-symposium-gairdner-2026.png\",\"width\":1651,\"height\":2101},{\"@type\":\"BreadcrumbList\",\"@id\":\"https:\/\/proteo.ca\/en\/annual-symposium\/#breadcrumb\",\"itemListElement\":[{\"@type\":\"ListItem\",\"position\":1,\"name\":\"Home\",\"item\":\"https:\/\/proteo.ca\/en\/\"},{\"@type\":\"ListItem\",\"position\":2,\"name\":\"Annual Symposium\"}]},{\"@type\":\"WebSite\",\"@id\":\"https:\/\/proteo.ca\/en\/#website\",\"url\":\"https:\/\/proteo.ca\/en\/\",\"name\":\"PROTEO\",\"description\":\"Regroupement qu\u00e9b\u00e9cois de recherche sur la fonction, l&#039;ing\u00e9nierie et les applications des prot\u00e9ines\",\"publisher\":{\"@id\":\"https:\/\/proteo.ca\/en\/#organization\"},\"potentialAction\":[{\"@type\":\"SearchAction\",\"target\":{\"@type\":\"EntryPoint\",\"urlTemplate\":\"https:\/\/proteo.ca\/en\/?s={search_term_string}\"},\"query-input\":{\"@type\":\"PropertyValueSpecification\",\"valueRequired\":true,\"valueName\":\"search_term_string\"}}],\"inLanguage\":\"en-US\"},{\"@type\":\"Organization\",\"@id\":\"https:\/\/proteo.ca\/en\/#organization\",\"name\":\"PROTEO\",\"url\":\"https:\/\/proteo.ca\/en\/\",\"logo\":{\"@type\":\"ImageObject\",\"inLanguage\":\"en-US\",\"@id\":\"https:\/\/proteo.ca\/en\/#\/schema\/logo\/image\/\",\"url\":\"https:\/\/proteo.ca\/content\/uploads\/2019\/10\/logo_proteo.png\",\"contentUrl\":\"https:\/\/proteo.ca\/content\/uploads\/2019\/10\/logo_proteo.png\",\"width\":3300,\"height\":1500,\"caption\":\"PROTEO\"},\"image\":{\"@id\":\"https:\/\/proteo.ca\/en\/#\/schema\/logo\/image\/\"}}]}<\/script>\n<!-- \/ Yoast SEO plugin. -->","yoast_head_json":{"title":"Annual Symposium - PROTEO","robots":{"index":"index","follow":"follow","max-snippet":"max-snippet:-1","max-image-preview":"max-image-preview:large","max-video-preview":"max-video-preview:-1"},"canonical":"https:\/\/proteo.ca\/en\/annual-symposium\/","og_locale":"en_US","og_type":"article","og_title":"Annual Symposium - PROTEO","og_description":"PROTEO Annual Symposium This event is an excellent opportunity for all PROTEO members* to learn more about the diversity of our expertise, our research interests and to thus pave the way for\u00a0new collaborations. *PROTEO members: regular and associate researchers, student members and postdoctoral fellows under their supervision, and research professionals. Save the date: The 25th [&hellip;]","og_url":"https:\/\/proteo.ca\/en\/annual-symposium\/","og_site_name":"PROTEO","article_modified_time":"2026-04-09T18:48:44+00:00","og_image":[{"width":1651,"height":2101,"url":"https:\/\/proteo.ca\/content\/uploads\/2026\/04\/affiches-symposium-gairdner-2026.png","type":"image\/png"}],"twitter_card":"summary_large_image","twitter_misc":{"Est. reading time":"2 minutes"},"schema":{"@context":"https:\/\/schema.org","@graph":[{"@type":"WebPage","@id":"https:\/\/proteo.ca\/en\/annual-symposium\/","url":"https:\/\/proteo.ca\/en\/annual-symposium\/","name":"Annual Symposium - PROTEO","isPartOf":{"@id":"https:\/\/proteo.ca\/en\/#website"},"primaryImageOfPage":{"@id":"https:\/\/proteo.ca\/en\/annual-symposium\/#primaryimage"},"image":{"@id":"https:\/\/proteo.ca\/en\/annual-symposium\/#primaryimage"},"thumbnailUrl":"https:\/\/proteo.ca\/content\/uploads\/2026\/04\/affiches-symposium-gairdner-2026.png","datePublished":"2024-09-19T20:22:58+00:00","dateModified":"2026-04-09T18:48:44+00:00","breadcrumb":{"@id":"https:\/\/proteo.ca\/en\/annual-symposium\/#breadcrumb"},"inLanguage":"en-US","potentialAction":[{"@type":"ReadAction","target":["https:\/\/proteo.ca\/en\/annual-symposium\/"]}]},{"@type":"ImageObject","inLanguage":"en-US","@id":"https:\/\/proteo.ca\/en\/annual-symposium\/#primaryimage","url":"https:\/\/proteo.ca\/content\/uploads\/2026\/04\/affiches-symposium-gairdner-2026.png","contentUrl":"https:\/\/proteo.ca\/content\/uploads\/2026\/04\/affiches-symposium-gairdner-2026.png","width":1651,"height":2101},{"@type":"BreadcrumbList","@id":"https:\/\/proteo.ca\/en\/annual-symposium\/#breadcrumb","itemListElement":[{"@type":"ListItem","position":1,"name":"Home","item":"https:\/\/proteo.ca\/en\/"},{"@type":"ListItem","position":2,"name":"Annual Symposium"}]},{"@type":"WebSite","@id":"https:\/\/proteo.ca\/en\/#website","url":"https:\/\/proteo.ca\/en\/","name":"PROTEO","description":"Regroupement qu\u00e9b\u00e9cois de recherche sur la fonction, l&#039;ing\u00e9nierie et les applications des prot\u00e9ines","publisher":{"@id":"https:\/\/proteo.ca\/en\/#organization"},"potentialAction":[{"@type":"SearchAction","target":{"@type":"EntryPoint","urlTemplate":"https:\/\/proteo.ca\/en\/?s={search_term_string}"},"query-input":{"@type":"PropertyValueSpecification","valueRequired":true,"valueName":"search_term_string"}}],"inLanguage":"en-US"},{"@type":"Organization","@id":"https:\/\/proteo.ca\/en\/#organization","name":"PROTEO","url":"https:\/\/proteo.ca\/en\/","logo":{"@type":"ImageObject","inLanguage":"en-US","@id":"https:\/\/proteo.ca\/en\/#\/schema\/logo\/image\/","url":"https:\/\/proteo.ca\/content\/uploads\/2019\/10\/logo_proteo.png","contentUrl":"https:\/\/proteo.ca\/content\/uploads\/2019\/10\/logo_proteo.png","width":3300,"height":1500,"caption":"PROTEO"},"image":{"@id":"https:\/\/proteo.ca\/en\/#\/schema\/logo\/image\/"}}]}},"_links":{"self":[{"href":"https:\/\/proteo.ca\/en\/wp-json\/wp\/v2\/pages\/2121","targetHints":{"allow":["GET"]}}],"collection":[{"href":"https:\/\/proteo.ca\/en\/wp-json\/wp\/v2\/pages"}],"about":[{"href":"https:\/\/proteo.ca\/en\/wp-json\/wp\/v2\/types\/page"}],"author":[{"embeddable":true,"href":"https:\/\/proteo.ca\/en\/wp-json\/wp\/v2\/users\/3"}],"replies":[{"embeddable":true,"href":"https:\/\/proteo.ca\/en\/wp-json\/wp\/v2\/comments?post=2121"}],"version-history":[{"count":17,"href":"https:\/\/proteo.ca\/en\/wp-json\/wp\/v2\/pages\/2121\/revisions"}],"predecessor-version":[{"id":2942,"href":"https:\/\/proteo.ca\/en\/wp-json\/wp\/v2\/pages\/2121\/revisions\/2942"}],"wp:featuredmedia":[{"embeddable":true,"href":"https:\/\/proteo.ca\/en\/wp-json\/wp\/v2\/media\/3012"}],"wp:attachment":[{"href":"https:\/\/proteo.ca\/en\/wp-json\/wp\/v2\/media?parent=2121"}],"curies":[{"name":"wp","href":"https:\/\/api.w.org\/{rel}","templated":true}]}}