{"id":2201,"date":"2024-11-11T12:22:59","date_gmt":"2024-11-11T12:22:59","guid":{"rendered":"https:\/\/proteo.ca\/?page_id=2201"},"modified":"2024-11-11T12:39:57","modified_gmt":"2024-11-11T12:39:57","slug":"for-regular-members","status":"publish","type":"page","link":"https:\/\/proteo.ca\/en\/for-regular-members\/","title":{"rendered":"For regular members"},"content":{"rendered":"<h2>PROTEO financial support<\/h2>\n<p>PROTEO is pleased to offer various grants and forms of support to accompany its regular members within the group. Find out more about the various funding and support options available to you:<\/p>\n<div class=\"box mt-4\"><div class=\"box-wrapper\"><div class=\"row\"><div class=\"col-12\"><a href=\"https:\/\/proteo.ca\/en\/subventions\/financial-support-for-participation-in-scientific-conferences-for-research-professionals\/\" class=\"large-link mb-2 d-inline-block\">Financial support for participation in scientific conferences for research professionals (CLOSED COMPETITION)<\/a><p class=\"mb-0\"><\/p><\/div><\/div><div class=\"row align-items-center mt-3\"><div class=\"col-12\"><a href=\"https:\/\/proteo.ca\/en\/subventions\/financial-support-for-participation-in-scientific-conferences-for-research-professionals\/\" class=\"btn btn-outline-primary btn-space-icon d-block d-sm-inline-block\">More details<i class=\"far fa-long-arrow-right\"><\/i><\/a><\/div><\/div><\/div><div class=\"box-flourish\"><\/div><\/div><div class=\"box mt-4\"><div class=\"box-wrapper\"><div class=\"row\"><div class=\"col-12\"><a href=\"https:\/\/proteo.ca\/en\/subventions\/intra-proteo-internship-grants-open-competition\/\" class=\"large-link mb-2 d-inline-block\">Intra-PROTEO internship grants (OPEN COMPETITION)<\/a><p class=\"mb-0\">This program aims to help PROTEO students, post-docs and research professional to acquire new skills and\/or to have access to infrastructure by performing a training in the laboratory of other PROTEO members.<\/p><\/div><\/div><div class=\"row align-items-center mt-3\"><div class=\"col-12\"><a href=\"https:\/\/proteo.ca\/en\/subventions\/intra-proteo-internship-grants-open-competition\/\" class=\"btn btn-outline-primary btn-space-icon d-block d-sm-inline-block\">More details<i class=\"far fa-long-arrow-right\"><\/i><\/a><\/div><\/div><\/div><div class=\"box-flourish\"><\/div><\/div><div class=\"box mt-4\"><div class=\"box-wrapper\"><div class=\"row\"><div class=\"col-12\"><a href=\"https:\/\/proteo.ca\/en\/subventions\/valorization-and-proof-of-concept-funding\/\" class=\"large-link mb-2 d-inline-block\">Valorization and Proof of Concept Funding<\/a><p class=\"mb-0\">The aim of this program is to support initiatives for the valorization of innovations in protein sciences.<\/p><\/div><\/div><div class=\"row align-items-center mt-3\"><div class=\"col-12\"><a href=\"https:\/\/proteo.ca\/en\/subventions\/valorization-and-proof-of-concept-funding\/\" class=\"btn btn-outline-primary btn-space-icon d-block d-sm-inline-block\">More details<i class=\"far fa-long-arrow-right\"><\/i><\/a><\/div><\/div><\/div><div class=\"box-flourish\"><\/div><\/div><div class=\"box mt-4\"><div class=\"box-wrapper\"><div class=\"row\"><div class=\"col-12\"><a href=\"https:\/\/proteo.ca\/en\/subventions\/proteo-small-world-short-tour\/\" class=\"large-link mb-2 d-inline-block\">Proteo (small) World (short) Tour<\/a><p class=\"mb-0\">PROTEO supports collaborations by covering travel, accommodation and representation costs for guest speakers who are members of PROTEO.<\/p><\/div><\/div><div class=\"row align-items-center mt-3\"><div class=\"col-12\"><a href=\"https:\/\/proteo.ca\/en\/subventions\/proteo-small-world-short-tour\/\" class=\"btn btn-outline-primary btn-space-icon d-block d-sm-inline-block\">More details<i class=\"far fa-long-arrow-right\"><\/i><\/a><\/div><\/div><\/div><div class=\"box-flourish\"><\/div><\/div><div class=\"box mt-4\"><div class=\"box-wrapper\"><div class=\"row\"><div class=\"col-12\"><a href=\"https:\/\/proteo.ca\/en\/subventions\/financial-support-for-organizing-scientific-conferences\/\" class=\"large-link mb-2 d-inline-block\">Financial support for organizing scientific conferences<\/a><p class=\"mb-0\">PROTEO offers financial support for scientific conferences organized by its regular members. <\/p><\/div><\/div><div class=\"row align-items-center mt-3\"><div class=\"col-12\"><a href=\"https:\/\/proteo.ca\/en\/subventions\/financial-support-for-organizing-scientific-conferences\/\" class=\"btn btn-outline-primary btn-space-icon d-block d-sm-inline-block\">More details<i class=\"far fa-long-arrow-right\"><\/i><\/a><\/div><\/div><\/div><div class=\"box-flourish\"><\/div><\/div><div class=\"box mt-4\"><div class=\"box-wrapper\"><div class=\"row\"><div class=\"col-12\"><a href=\"https:\/\/proteo.ca\/en\/subventions\/new-collaborative-initiatives-competition\/\" class=\"large-link mb-2 d-inline-block\">New collaborative initiatives Competition<\/a><p class=\"mb-0\">This program aims to support the establishment of innovative collaborative projects between PROTEO members. <\/p><\/div><\/div><div class=\"row align-items-center mt-3\"><div class=\"col-12\"><a href=\"https:\/\/proteo.ca\/en\/subventions\/new-collaborative-initiatives-competition\/\" class=\"btn btn-outline-primary btn-space-icon d-block d-sm-inline-block\">More details<i class=\"far fa-long-arrow-right\"><\/i><\/a><\/div><\/div><\/div><div class=\"box-flourish\"><\/div><\/div>\n","protected":false},"excerpt":{"rendered":"<p>PROTEO financial support PROTEO is pleased to offer various grants and forms of support to accompany its regular members within the group. Find out more about the various funding and support options available to you:<\/p>\n","protected":false},"author":3,"featured_media":0,"parent":0,"menu_order":0,"comment_status":"closed","ping_status":"closed","template":"","meta":{"_acf_changed":false,"footnotes":""},"class_list":["post-2201","page","type-page","status-publish","hentry"],"acf":[],"yoast_head":"<!-- This site is optimized with the Yoast SEO plugin v26.1.1 - https:\/\/yoast.com\/wordpress\/plugins\/seo\/ -->\n<title>For regular members - PROTEO<\/title>\n<meta name=\"robots\" content=\"index, follow, max-snippet:-1, max-image-preview:large, max-video-preview:-1\" \/>\n<link rel=\"canonical\" href=\"https:\/\/proteo.ca\/en\/for-regular-members\/\" \/>\n<meta property=\"og:locale\" content=\"en_US\" \/>\n<meta property=\"og:type\" content=\"article\" \/>\n<meta property=\"og:title\" content=\"For regular members - PROTEO\" \/>\n<meta property=\"og:description\" content=\"PROTEO financial support PROTEO is pleased to offer various grants and forms of support to accompany its regular members within the group. Find out more about the various funding and support options available to you:\" \/>\n<meta property=\"og:url\" content=\"https:\/\/proteo.ca\/en\/for-regular-members\/\" \/>\n<meta property=\"og:site_name\" content=\"PROTEO\" \/>\n<meta property=\"article:modified_time\" content=\"2024-11-11T12:39:57+00:00\" \/>\n<meta property=\"og:image\" content=\"https:\/\/proteo.ca\/content\/uploads\/2019\/10\/about.jpg\" \/>\n\t<meta property=\"og:image:width\" content=\"1260\" \/>\n\t<meta property=\"og:image:height\" content=\"810\" \/>\n\t<meta property=\"og:image:type\" content=\"image\/jpeg\" \/>\n<meta name=\"twitter:card\" content=\"summary_large_image\" \/>\n<script type=\"application\/ld+json\" class=\"yoast-schema-graph\">{\"@context\":\"https:\/\/schema.org\",\"@graph\":[{\"@type\":\"WebPage\",\"@id\":\"https:\/\/proteo.ca\/en\/for-regular-members\/\",\"url\":\"https:\/\/proteo.ca\/en\/for-regular-members\/\",\"name\":\"For regular members - PROTEO\",\"isPartOf\":{\"@id\":\"https:\/\/proteo.ca\/en\/#website\"},\"datePublished\":\"2024-11-11T12:22:59+00:00\",\"dateModified\":\"2024-11-11T12:39:57+00:00\",\"breadcrumb\":{\"@id\":\"https:\/\/proteo.ca\/en\/for-regular-members\/#breadcrumb\"},\"inLanguage\":\"en-US\",\"potentialAction\":[{\"@type\":\"ReadAction\",\"target\":[\"https:\/\/proteo.ca\/en\/for-regular-members\/\"]}]},{\"@type\":\"BreadcrumbList\",\"@id\":\"https:\/\/proteo.ca\/en\/for-regular-members\/#breadcrumb\",\"itemListElement\":[{\"@type\":\"ListItem\",\"position\":1,\"name\":\"Home\",\"item\":\"https:\/\/proteo.ca\/en\/\"},{\"@type\":\"ListItem\",\"position\":2,\"name\":\"For regular members\"}]},{\"@type\":\"WebSite\",\"@id\":\"https:\/\/proteo.ca\/en\/#website\",\"url\":\"https:\/\/proteo.ca\/en\/\",\"name\":\"PROTEO\",\"description\":\"Regroupement qu\u00e9b\u00e9cois de recherche sur la fonction, l&#039;ing\u00e9nierie et les applications des prot\u00e9ines\",\"publisher\":{\"@id\":\"https:\/\/proteo.ca\/en\/#organization\"},\"potentialAction\":[{\"@type\":\"SearchAction\",\"target\":{\"@type\":\"EntryPoint\",\"urlTemplate\":\"https:\/\/proteo.ca\/en\/?s={search_term_string}\"},\"query-input\":{\"@type\":\"PropertyValueSpecification\",\"valueRequired\":true,\"valueName\":\"search_term_string\"}}],\"inLanguage\":\"en-US\"},{\"@type\":\"Organization\",\"@id\":\"https:\/\/proteo.ca\/en\/#organization\",\"name\":\"PROTEO\",\"url\":\"https:\/\/proteo.ca\/en\/\",\"logo\":{\"@type\":\"ImageObject\",\"inLanguage\":\"en-US\",\"@id\":\"https:\/\/proteo.ca\/en\/#\/schema\/logo\/image\/\",\"url\":\"https:\/\/proteo.ca\/content\/uploads\/2019\/10\/logo_proteo.png\",\"contentUrl\":\"https:\/\/proteo.ca\/content\/uploads\/2019\/10\/logo_proteo.png\",\"width\":3300,\"height\":1500,\"caption\":\"PROTEO\"},\"image\":{\"@id\":\"https:\/\/proteo.ca\/en\/#\/schema\/logo\/image\/\"}}]}<\/script>\n<!-- \/ Yoast SEO plugin. -->","yoast_head_json":{"title":"For regular members - PROTEO","robots":{"index":"index","follow":"follow","max-snippet":"max-snippet:-1","max-image-preview":"max-image-preview:large","max-video-preview":"max-video-preview:-1"},"canonical":"https:\/\/proteo.ca\/en\/for-regular-members\/","og_locale":"en_US","og_type":"article","og_title":"For regular members - PROTEO","og_description":"PROTEO financial support PROTEO is pleased to offer various grants and forms of support to accompany its regular members within the group. Find out more about the various funding and support options available to you:","og_url":"https:\/\/proteo.ca\/en\/for-regular-members\/","og_site_name":"PROTEO","article_modified_time":"2024-11-11T12:39:57+00:00","og_image":[{"width":1260,"height":810,"url":"https:\/\/proteo.ca\/content\/uploads\/2019\/10\/about.jpg","type":"image\/jpeg"}],"twitter_card":"summary_large_image","schema":{"@context":"https:\/\/schema.org","@graph":[{"@type":"WebPage","@id":"https:\/\/proteo.ca\/en\/for-regular-members\/","url":"https:\/\/proteo.ca\/en\/for-regular-members\/","name":"For regular members - PROTEO","isPartOf":{"@id":"https:\/\/proteo.ca\/en\/#website"},"datePublished":"2024-11-11T12:22:59+00:00","dateModified":"2024-11-11T12:39:57+00:00","breadcrumb":{"@id":"https:\/\/proteo.ca\/en\/for-regular-members\/#breadcrumb"},"inLanguage":"en-US","potentialAction":[{"@type":"ReadAction","target":["https:\/\/proteo.ca\/en\/for-regular-members\/"]}]},{"@type":"BreadcrumbList","@id":"https:\/\/proteo.ca\/en\/for-regular-members\/#breadcrumb","itemListElement":[{"@type":"ListItem","position":1,"name":"Home","item":"https:\/\/proteo.ca\/en\/"},{"@type":"ListItem","position":2,"name":"For regular members"}]},{"@type":"WebSite","@id":"https:\/\/proteo.ca\/en\/#website","url":"https:\/\/proteo.ca\/en\/","name":"PROTEO","description":"Regroupement qu\u00e9b\u00e9cois de recherche sur la fonction, l&#039;ing\u00e9nierie et les applications des prot\u00e9ines","publisher":{"@id":"https:\/\/proteo.ca\/en\/#organization"},"potentialAction":[{"@type":"SearchAction","target":{"@type":"EntryPoint","urlTemplate":"https:\/\/proteo.ca\/en\/?s={search_term_string}"},"query-input":{"@type":"PropertyValueSpecification","valueRequired":true,"valueName":"search_term_string"}}],"inLanguage":"en-US"},{"@type":"Organization","@id":"https:\/\/proteo.ca\/en\/#organization","name":"PROTEO","url":"https:\/\/proteo.ca\/en\/","logo":{"@type":"ImageObject","inLanguage":"en-US","@id":"https:\/\/proteo.ca\/en\/#\/schema\/logo\/image\/","url":"https:\/\/proteo.ca\/content\/uploads\/2019\/10\/logo_proteo.png","contentUrl":"https:\/\/proteo.ca\/content\/uploads\/2019\/10\/logo_proteo.png","width":3300,"height":1500,"caption":"PROTEO"},"image":{"@id":"https:\/\/proteo.ca\/en\/#\/schema\/logo\/image\/"}}]}},"_links":{"self":[{"href":"https:\/\/proteo.ca\/en\/wp-json\/wp\/v2\/pages\/2201","targetHints":{"allow":["GET"]}}],"collection":[{"href":"https:\/\/proteo.ca\/en\/wp-json\/wp\/v2\/pages"}],"about":[{"href":"https:\/\/proteo.ca\/en\/wp-json\/wp\/v2\/types\/page"}],"author":[{"embeddable":true,"href":"https:\/\/proteo.ca\/en\/wp-json\/wp\/v2\/users\/3"}],"replies":[{"embeddable":true,"href":"https:\/\/proteo.ca\/en\/wp-json\/wp\/v2\/comments?post=2201"}],"version-history":[{"count":2,"href":"https:\/\/proteo.ca\/en\/wp-json\/wp\/v2\/pages\/2201\/revisions"}],"predecessor-version":[{"id":2204,"href":"https:\/\/proteo.ca\/en\/wp-json\/wp\/v2\/pages\/2201\/revisions\/2204"}],"wp:attachment":[{"href":"https:\/\/proteo.ca\/en\/wp-json\/wp\/v2\/media?parent=2201"}],"curies":[{"name":"wp","href":"https:\/\/api.w.org\/{rel}","templated":true}]}}