{"id":2235,"date":"2024-11-13T19:48:55","date_gmt":"2024-11-13T19:48:55","guid":{"rendered":"https:\/\/proteo.ca\/?page_id=2235"},"modified":"2024-11-13T20:08:39","modified_gmt":"2024-11-13T20:08:39","slug":"becoming-a-member","status":"publish","type":"page","link":"https:\/\/proteo.ca\/en\/becoming-a-member\/","title":{"rendered":"Becoming a member"},"content":{"rendered":"<h3>Membership for regular and associate members<\/h3>\n<p><strong>To join the network, applicants who meet the criteria (<a href=\"https:\/\/proteo.ca\/content\/uploads\/2024\/11\/bylaws-proteo-janvier-2024-fv.pdf\">see bylaws document<\/a>) must submit a written application (in a single PDF document), including the following documents:<\/strong><\/p>\n<ul>\n<li>A letter of no more than two (2) pages, describing how their research program fits into PROTEO&#8217;s research focus;<\/li>\n<li>An up-to-date CV, clearly indicating affiliations, publications, research grants and\/or contracts, students supervised over the past five (5) years, and any other relevant information.<\/li>\n<\/ul>\n<p><strong>Candidates&#8217; applications will be evaluated at the next scheduled GA<\/strong>. A decision will be sent in writing within 15 working days following this GA.<\/p>\n<h3>Membership for student members<\/h3>\n<p>Any student or postdoctoral fellow supervised or co-supervised by a regular PROTEO member automatically becomes a member of the PROTEO student and postdoctoral community.<\/p>\n","protected":false},"excerpt":{"rendered":"<p>Membership for regular and associate members To join the network, applicants who meet the criteria (see bylaws document) must submit a written application (in a single PDF document), including the following documents: A letter of no more than two (2) pages, describing how their research program fits into PROTEO&#8217;s research focus; An up-to-date CV, clearly [&hellip;]<\/p>\n","protected":false},"author":3,"featured_media":0,"parent":0,"menu_order":0,"comment_status":"closed","ping_status":"closed","template":"","meta":{"_acf_changed":false,"footnotes":""},"class_list":["post-2235","page","type-page","status-publish","hentry"],"acf":[],"yoast_head":"<!-- This site is optimized with the Yoast SEO plugin v26.1.1 - https:\/\/yoast.com\/wordpress\/plugins\/seo\/ -->\n<title>Becoming a member - PROTEO<\/title>\n<meta name=\"robots\" content=\"index, follow, max-snippet:-1, max-image-preview:large, max-video-preview:-1\" \/>\n<link rel=\"canonical\" href=\"https:\/\/proteo.ca\/en\/becoming-a-member\/\" \/>\n<meta property=\"og:locale\" content=\"en_US\" \/>\n<meta property=\"og:type\" content=\"article\" \/>\n<meta property=\"og:title\" content=\"Becoming a member - PROTEO\" \/>\n<meta property=\"og:description\" content=\"Membership for regular and associate members To join the network, applicants who meet the criteria (see bylaws document) must submit a written application (in a single PDF document), including the following documents: A letter of no more than two (2) pages, describing how their research program fits into PROTEO&#8217;s research focus; An up-to-date CV, clearly [&hellip;]\" \/>\n<meta property=\"og:url\" content=\"https:\/\/proteo.ca\/en\/becoming-a-member\/\" \/>\n<meta property=\"og:site_name\" content=\"PROTEO\" \/>\n<meta property=\"article:modified_time\" content=\"2024-11-13T20:08:39+00:00\" \/>\n<meta property=\"og:image\" content=\"https:\/\/proteo.ca\/content\/uploads\/2019\/10\/about.jpg\" \/>\n\t<meta property=\"og:image:width\" content=\"1260\" \/>\n\t<meta property=\"og:image:height\" content=\"810\" \/>\n\t<meta property=\"og:image:type\" content=\"image\/jpeg\" \/>\n<meta name=\"twitter:card\" content=\"summary_large_image\" \/>\n<meta name=\"twitter:label1\" content=\"Est. reading time\" \/>\n\t<meta name=\"twitter:data1\" content=\"1 minute\" \/>\n<script type=\"application\/ld+json\" class=\"yoast-schema-graph\">{\"@context\":\"https:\/\/schema.org\",\"@graph\":[{\"@type\":\"WebPage\",\"@id\":\"https:\/\/proteo.ca\/en\/becoming-a-member\/\",\"url\":\"https:\/\/proteo.ca\/en\/becoming-a-member\/\",\"name\":\"Becoming a member - PROTEO\",\"isPartOf\":{\"@id\":\"https:\/\/proteo.ca\/en\/#website\"},\"datePublished\":\"2024-11-13T19:48:55+00:00\",\"dateModified\":\"2024-11-13T20:08:39+00:00\",\"breadcrumb\":{\"@id\":\"https:\/\/proteo.ca\/en\/becoming-a-member\/#breadcrumb\"},\"inLanguage\":\"en-US\",\"potentialAction\":[{\"@type\":\"ReadAction\",\"target\":[\"https:\/\/proteo.ca\/en\/becoming-a-member\/\"]}]},{\"@type\":\"BreadcrumbList\",\"@id\":\"https:\/\/proteo.ca\/en\/becoming-a-member\/#breadcrumb\",\"itemListElement\":[{\"@type\":\"ListItem\",\"position\":1,\"name\":\"Home\",\"item\":\"https:\/\/proteo.ca\/en\/\"},{\"@type\":\"ListItem\",\"position\":2,\"name\":\"Becoming a member\"}]},{\"@type\":\"WebSite\",\"@id\":\"https:\/\/proteo.ca\/en\/#website\",\"url\":\"https:\/\/proteo.ca\/en\/\",\"name\":\"PROTEO\",\"description\":\"Regroupement qu\u00e9b\u00e9cois de recherche sur la fonction, l&#039;ing\u00e9nierie et les applications des prot\u00e9ines\",\"publisher\":{\"@id\":\"https:\/\/proteo.ca\/en\/#organization\"},\"potentialAction\":[{\"@type\":\"SearchAction\",\"target\":{\"@type\":\"EntryPoint\",\"urlTemplate\":\"https:\/\/proteo.ca\/en\/?s={search_term_string}\"},\"query-input\":{\"@type\":\"PropertyValueSpecification\",\"valueRequired\":true,\"valueName\":\"search_term_string\"}}],\"inLanguage\":\"en-US\"},{\"@type\":\"Organization\",\"@id\":\"https:\/\/proteo.ca\/en\/#organization\",\"name\":\"PROTEO\",\"url\":\"https:\/\/proteo.ca\/en\/\",\"logo\":{\"@type\":\"ImageObject\",\"inLanguage\":\"en-US\",\"@id\":\"https:\/\/proteo.ca\/en\/#\/schema\/logo\/image\/\",\"url\":\"https:\/\/proteo.ca\/content\/uploads\/2019\/10\/logo_proteo.png\",\"contentUrl\":\"https:\/\/proteo.ca\/content\/uploads\/2019\/10\/logo_proteo.png\",\"width\":3300,\"height\":1500,\"caption\":\"PROTEO\"},\"image\":{\"@id\":\"https:\/\/proteo.ca\/en\/#\/schema\/logo\/image\/\"}}]}<\/script>\n<!-- \/ Yoast SEO plugin. -->","yoast_head_json":{"title":"Becoming a member - PROTEO","robots":{"index":"index","follow":"follow","max-snippet":"max-snippet:-1","max-image-preview":"max-image-preview:large","max-video-preview":"max-video-preview:-1"},"canonical":"https:\/\/proteo.ca\/en\/becoming-a-member\/","og_locale":"en_US","og_type":"article","og_title":"Becoming a member - PROTEO","og_description":"Membership for regular and associate members To join the network, applicants who meet the criteria (see bylaws document) must submit a written application (in a single PDF document), including the following documents: A letter of no more than two (2) pages, describing how their research program fits into PROTEO&#8217;s research focus; An up-to-date CV, clearly [&hellip;]","og_url":"https:\/\/proteo.ca\/en\/becoming-a-member\/","og_site_name":"PROTEO","article_modified_time":"2024-11-13T20:08:39+00:00","og_image":[{"width":1260,"height":810,"url":"https:\/\/proteo.ca\/content\/uploads\/2019\/10\/about.jpg","type":"image\/jpeg"}],"twitter_card":"summary_large_image","twitter_misc":{"Est. reading time":"1 minute"},"schema":{"@context":"https:\/\/schema.org","@graph":[{"@type":"WebPage","@id":"https:\/\/proteo.ca\/en\/becoming-a-member\/","url":"https:\/\/proteo.ca\/en\/becoming-a-member\/","name":"Becoming a member - PROTEO","isPartOf":{"@id":"https:\/\/proteo.ca\/en\/#website"},"datePublished":"2024-11-13T19:48:55+00:00","dateModified":"2024-11-13T20:08:39+00:00","breadcrumb":{"@id":"https:\/\/proteo.ca\/en\/becoming-a-member\/#breadcrumb"},"inLanguage":"en-US","potentialAction":[{"@type":"ReadAction","target":["https:\/\/proteo.ca\/en\/becoming-a-member\/"]}]},{"@type":"BreadcrumbList","@id":"https:\/\/proteo.ca\/en\/becoming-a-member\/#breadcrumb","itemListElement":[{"@type":"ListItem","position":1,"name":"Home","item":"https:\/\/proteo.ca\/en\/"},{"@type":"ListItem","position":2,"name":"Becoming a member"}]},{"@type":"WebSite","@id":"https:\/\/proteo.ca\/en\/#website","url":"https:\/\/proteo.ca\/en\/","name":"PROTEO","description":"Regroupement qu\u00e9b\u00e9cois de recherche sur la fonction, l&#039;ing\u00e9nierie et les applications des prot\u00e9ines","publisher":{"@id":"https:\/\/proteo.ca\/en\/#organization"},"potentialAction":[{"@type":"SearchAction","target":{"@type":"EntryPoint","urlTemplate":"https:\/\/proteo.ca\/en\/?s={search_term_string}"},"query-input":{"@type":"PropertyValueSpecification","valueRequired":true,"valueName":"search_term_string"}}],"inLanguage":"en-US"},{"@type":"Organization","@id":"https:\/\/proteo.ca\/en\/#organization","name":"PROTEO","url":"https:\/\/proteo.ca\/en\/","logo":{"@type":"ImageObject","inLanguage":"en-US","@id":"https:\/\/proteo.ca\/en\/#\/schema\/logo\/image\/","url":"https:\/\/proteo.ca\/content\/uploads\/2019\/10\/logo_proteo.png","contentUrl":"https:\/\/proteo.ca\/content\/uploads\/2019\/10\/logo_proteo.png","width":3300,"height":1500,"caption":"PROTEO"},"image":{"@id":"https:\/\/proteo.ca\/en\/#\/schema\/logo\/image\/"}}]}},"_links":{"self":[{"href":"https:\/\/proteo.ca\/en\/wp-json\/wp\/v2\/pages\/2235","targetHints":{"allow":["GET"]}}],"collection":[{"href":"https:\/\/proteo.ca\/en\/wp-json\/wp\/v2\/pages"}],"about":[{"href":"https:\/\/proteo.ca\/en\/wp-json\/wp\/v2\/types\/page"}],"author":[{"embeddable":true,"href":"https:\/\/proteo.ca\/en\/wp-json\/wp\/v2\/users\/3"}],"replies":[{"embeddable":true,"href":"https:\/\/proteo.ca\/en\/wp-json\/wp\/v2\/comments?post=2235"}],"version-history":[{"count":4,"href":"https:\/\/proteo.ca\/en\/wp-json\/wp\/v2\/pages\/2235\/revisions"}],"predecessor-version":[{"id":2249,"href":"https:\/\/proteo.ca\/en\/wp-json\/wp\/v2\/pages\/2235\/revisions\/2249"}],"wp:attachment":[{"href":"https:\/\/proteo.ca\/en\/wp-json\/wp\/v2\/media?parent=2235"}],"curies":[{"name":"wp","href":"https:\/\/api.w.org\/{rel}","templated":true}]}}