{"id":225,"date":"2019-10-22T12:40:45","date_gmt":"2019-10-22T12:40:45","guid":{"rendered":"http:\/\/www.proteo.ca\/a-propos\/"},"modified":"2026-03-13T19:02:49","modified_gmt":"2026-03-13T19:02:49","slug":"management","status":"publish","type":"page","link":"https:\/\/proteo.ca\/en\/management\/","title":{"rendered":"Management"},"content":{"rendered":"<h2>Our direction team<\/h2>\n<div class=\"wysiwyg-persons\"><div class=\"row\"><div class=\"col-12 col-sm-6 col-md-4 col-xl-3 wysiwyg-persons-item\"><img decoding=\"async\" src=\"https:\/\/proteo.ca\/content\/uploads\/2019\/10\/steve-bourgault-390x500.jpg\" class=\"w-100 mb-2\"><h4>Director of PROTEO<\/h4><p><strong>Steve Bourgault, Ph.D.<\/strong><\/p><p class=\"font-smaller\">D\u00e9partement de Chimie, Universit\u00e9 du Qu\u00e9bec \u00e0 Montr\u00e9al<br \/>\r\nC.P. 8888, Succursale Centre-Ville<br \/>\r\nMontr\u00e9al, H3C 3P8, Canada<\/p><a href=\"mailto:bourgault.steve@uqam.ca\" class=\"mr-1\"><i class=\"fas fa-envelope\"><\/i><\/a><a href=\"tel:+151498730005161\"><i class=\"fas fa-phone\"><\/i><\/a><\/div><div class=\"col-12 col-sm-6 col-md-4 col-xl-3 wysiwyg-persons-item\"><img decoding=\"async\" src=\"https:\/\/proteo.ca\/content\/uploads\/2022\/07\/img_4509_se-photo-390x500.jpg\" class=\"w-100 mb-2\"><h4>Co director of PROTEO<\/h4><p><strong>Sabine Elowe, Ph.D.<\/strong><\/p><p class=\"font-smaller\">Department of Pediatrics, Faculty of Medicine, Universit\u00e9 Laval<br \/>\r\nAxe of Reproduction, mother and youth health,<br \/>\r\nCHU de Quebec research Centre.<br \/>\r\n<\/p><a href=\"mailto:Sabine.Elowe@crchudequebec.ulaval.ca\" class=\"mr-1\"><i class=\"fas fa-envelope\"><\/i><\/a><a href=\"tel:+1418525444446252\"><i class=\"fas fa-phone\"><\/i><\/a><\/div><div class=\"col-12 col-sm-6 col-md-4 col-xl-3 wysiwyg-persons-item\"><img decoding=\"async\" src=\"https:\/\/proteo.ca\/content\/uploads\/2023\/03\/img_2295-390x500.jpeg\" class=\"w-100 mb-2\"><h4>Coordinator<\/h4><p><strong>Marylou Meyer, M.Sc.<\/strong><\/p><p class=\"font-smaller\">201 Av. du Pr\u00e9sident-Kennedy, <br \/>\r\nMontr\u00e9al, QC H2X 3Y7<\/p><a href=\"mailto:proteo@uqam.ca\" class=\"mr-1\"><i class=\"fas fa-envelope\"><\/i><\/a><\/div><div class=\"col-12 col-sm-6 col-md-4 col-xl-3 wysiwyg-persons-item\"><img decoding=\"async\" src=\"https:\/\/proteo.ca\/content\/uploads\/2019\/10\/n_bisson-390x500.jpg\" class=\"w-100 mb-2\"><h4>Member of the Executive Committee - Head of internal affairs<\/h4><p><strong>Nicolas Bisson <\/strong><\/p><a href=\"mailto:Nick.Bisson@crchudequebec.ulaval.ca\" class=\"mr-1\"><i class=\"fas fa-envelope\"><\/i><\/a><\/div><div class=\"col-12 col-sm-6 col-md-4 col-xl-3 wysiwyg-persons-item\"><img decoding=\"async\" src=\"https:\/\/proteo.ca\/content\/uploads\/2023\/06\/sophie-gobeil-390x500.jpg\" class=\"w-100 mb-2\"><h4>Member of the Executive Committee - Head of communications<\/h4><p><strong>Sophie Gobeil<\/strong><\/p><a href=\"mailto:sophie.gobeil@bcm.ulaval.ca\" class=\"mr-1\"><i class=\"fas fa-envelope\"><\/i><\/a><\/div><div class=\"col-12 col-sm-6 col-md-4 col-xl-3 wysiwyg-persons-item\"><img decoding=\"async\" src=\"https:\/\/proteo.ca\/content\/uploads\/2024\/06\/laurent-cappadocia-390x500.jpg\" class=\"w-100 mb-2\"><h4>Member of the Executive Committee - Head of academic affairs<\/h4><p><strong>Laurent Cappadocia<\/strong><\/p><a href=\"mailto:cappadocia.laurent@uqam.ca\" class=\"mr-1\"><i class=\"fas fa-envelope\"><\/i><\/a><\/div><div class=\"col-12 col-sm-6 col-md-4 col-xl-3 wysiwyg-persons-item\"><img decoding=\"async\" src=\"https:\/\/proteo.ca\/content\/uploads\/2023\/07\/de-crescenzo-1-390x500.jpg\" class=\"w-100 mb-2\"><h4>Member of the Executive Committee - Head of scientific affairs<\/h4><p><strong>Gregory de Crescenzo <\/strong><\/p><a href=\"mailto:gregory.decrescenzo@polymtl.ca\" class=\"mr-1\"><i class=\"fas fa-envelope\"><\/i><\/a><\/div><div class=\"col-12 col-sm-6 col-md-4 col-xl-3 wysiwyg-persons-item\"><img decoding=\"async\" src=\"https:\/\/proteo.ca\/content\/uploads\/2022\/07\/denis-leclerc-2020-390x500.jpg\" class=\"w-100 mb-2\"><h4>Member of the Executive Committee - Head of external affairs<\/h4><p><strong>Denis Leclerc<\/strong><\/p><a href=\"mailto:Denis.Leclerc@crchudequebec.ulaval.ca\" class=\"mr-1\"><i class=\"fas fa-envelope\"><\/i><\/a><\/div><div class=\"col-12 col-sm-6 col-md-4 col-xl-3 wysiwyg-persons-item\"><img decoding=\"async\" src=\"https:\/\/proteo.ca\/content\/uploads\/2024\/06\/photo-maxence-mandat-jusqu-en-2026-390x500.jpg\" class=\"w-100 mb-2\"><h4>Student representative<\/h4><p><strong>Maxence Le Palud<\/strong><\/p><a href=\"mailto:maxence.le.palud.le.rolle-denis@umontreal.ca\" class=\"mr-1\"><i class=\"fas fa-envelope\"><\/i><\/a><\/div><div class=\"col-12 col-sm-6 col-md-4 col-xl-3 wysiwyg-persons-item\"><img decoding=\"async\" src=\"https:\/\/proteo.ca\/content\/uploads\/2025\/07\/marie-chasseray-long-1.jpeg\" class=\"w-100 mb-2\"><h4>Student representative<\/h4><p><strong>Marie Chasseray<\/strong><\/p><a href=\"mailto:marie.chasseray.1@ulaval.ca\" class=\"mr-1\"><i class=\"fas fa-envelope\"><\/i><\/a><\/div><\/div><\/div>\n<h2>Our scientific committee<\/h2>\n<div class=\"wysiwyg-persons\"><div class=\"row\"><div class=\"col-12 col-sm-6 col-md-4 col-xl-3 wysiwyg-persons-item\"><img decoding=\"async\" src=\"https:\/\/proteo.ca\/content\/uploads\/2019\/10\/elodie-boisselier_cercle-ambassadeur-390x500.jpg\" class=\"w-100 mb-2\"><h4>Axis leader 1: Fundamental discoveries on the function of proteins and interactomes<\/h4><p><strong>\u00c9lodie Boisselier<\/strong><\/p><\/div><div class=\"col-12 col-sm-6 col-md-4 col-xl-3 wysiwyg-persons-item\"><img decoding=\"async\" src=\"https:\/\/proteo.ca\/content\/uploads\/2023\/07\/xavier-roucou-2-390x500.jpg\" class=\"w-100 mb-2\"><h4>Axis leader 1: Fundamental discoveries on the function of proteins and interactomes<\/h4><p><strong>Xavier Roucou<\/strong><\/p><\/div><div class=\"col-12 col-sm-6 col-md-4 col-xl-3 wysiwyg-persons-item\"><img decoding=\"async\" src=\"https:\/\/proteo.ca\/content\/uploads\/2023\/07\/joelle-pelletier-1-390x500.jpg\" class=\"w-100 mb-2\"><h4>Axis leader 2 : Engineering of proteins and innovative biological systems<\/h4><p><strong>Joelle Pelletier<\/strong><\/p><\/div><div class=\"col-12 col-sm-6 col-md-4 col-xl-3 wysiwyg-persons-item\"><img decoding=\"async\" src=\"https:\/\/proteo.ca\/content\/uploads\/2019\/10\/david-kwan-390x495.jpg\" class=\"w-100 mb-2\"><h4>Axis leader 2 : Engineering of proteins and innovative biological systems<\/h4><p><strong>David Kwan<\/strong><\/p><\/div><div class=\"col-12 col-sm-6 col-md-4 col-xl-3 wysiwyg-persons-item\"><img decoding=\"async\" src=\"https:\/\/proteo.ca\/content\/uploads\/2023\/07\/de-crescenzo-1-390x500.jpg\" class=\"w-100 mb-2\"><h4>Axis leader 3 : Biofabrication, bioprocessing and scaling up to enhance discoveries<\/h4><p><strong>Gregory De Crescenzo<\/strong><\/p><\/div><div class=\"col-12 col-sm-6 col-md-4 col-xl-3 wysiwyg-persons-item\"><img decoding=\"async\" src=\"https:\/\/proteo.ca\/content\/uploads\/2019\/10\/vermette-patrick-390x500.jpg\" class=\"w-100 mb-2\"><h4>Axis leader 3 : Biofabrication, bioprocessing and scaling up to enhance discoveries<\/h4><p><strong>Patrick Vermette<\/strong><\/p><\/div><\/div><\/div>\n<p>&nbsp;<\/p>\n<h2>Our student committee<\/h2>\n<div class=\"wysiwyg-persons\"><div class=\"row\"><div class=\"col-12 col-sm-6 col-md-4 col-xl-3 wysiwyg-persons-item\"><img decoding=\"async\" src=\"https:\/\/proteo.ca\/content\/uploads\/2024\/06\/photo-maxence-mandat-jusqu-en-2026-390x500.jpg\" class=\"w-100 mb-2\"><p><strong>Maxence Le Palud Ph.D. (UdeM) Student representative<\/strong><\/p><\/div><div class=\"col-12 col-sm-6 col-md-4 col-xl-3 wysiwyg-persons-item\"><img decoding=\"async\" src=\"https:\/\/proteo.ca\/content\/uploads\/2025\/07\/marie-chasseray-long-1.jpeg\" class=\"w-100 mb-2\"><p><strong>Marie Chasseray Ph.D. (ULAVAL) Student representative<\/strong><\/p><\/div><div class=\"col-12 col-sm-6 col-md-4 col-xl-3 wysiwyg-persons-item\"><img decoding=\"async\" src=\"https:\/\/proteo.ca\/content\/uploads\/2025\/07\/nolan-maugourd-390x500.jpg\" class=\"w-100 mb-2\"><p><strong>Nolan Maugourd Master (ULAVAL) Scholarship representative 2025-2026<\/strong><\/p><\/div><div class=\"col-12 col-sm-6 col-md-4 col-xl-3 wysiwyg-persons-item\"><img decoding=\"async\" src=\"https:\/\/proteo.ca\/content\/uploads\/2025\/07\/roxana_photo_proteo-390x500.jpg\" class=\"w-100 mb-2\"><p><strong>Roxana Tarabuta Ph.D. (UdeM) EDI repr\u00e9sentative<\/strong><\/p><\/div><\/div><\/div>\n<p>Interested in getting involved with PROTEO? We&#8217;re always looking for student committee members to represent all PROTEO-affiliated institutions! Contact us at <a href=\"mailto:proteo@uqam.ca\">proteo@uqam.ca<\/a> to find out more!<\/p>\n","protected":false},"excerpt":{"rendered":"<p>Our direction team Our scientific committee &nbsp; Our student committee Interested in getting involved with PROTEO? We&#8217;re always looking for student committee members to represent all PROTEO-affiliated institutions! Contact us at proteo@uqam.ca to find out more!<\/p>\n","protected":false},"author":1,"featured_media":0,"parent":0,"menu_order":0,"comment_status":"closed","ping_status":"closed","template":"page-about.php","meta":{"_acf_changed":false,"footnotes":""},"class_list":["post-225","page","type-page","status-publish","hentry"],"acf":[],"yoast_head":"<!-- This site is optimized with the Yoast SEO plugin v26.1.1 - https:\/\/yoast.com\/wordpress\/plugins\/seo\/ -->\n<title>Management - PROTEO<\/title>\n<meta name=\"robots\" content=\"index, follow, max-snippet:-1, max-image-preview:large, max-video-preview:-1\" \/>\n<link rel=\"canonical\" href=\"https:\/\/proteo.ca\/en\/management\/\" \/>\n<meta property=\"og:locale\" content=\"en_US\" \/>\n<meta property=\"og:type\" content=\"article\" \/>\n<meta property=\"og:title\" content=\"Management - PROTEO\" \/>\n<meta property=\"og:description\" content=\"Our direction team Our scientific committee &nbsp; Our student committee Interested in getting involved with PROTEO? We&#8217;re always looking for student committee members to represent all PROTEO-affiliated institutions! Contact us at proteo@uqam.ca to find out more!\" \/>\n<meta property=\"og:url\" content=\"https:\/\/proteo.ca\/en\/management\/\" \/>\n<meta property=\"og:site_name\" content=\"PROTEO\" \/>\n<meta property=\"article:modified_time\" content=\"2026-03-13T19:02:49+00:00\" \/>\n<meta property=\"og:image\" content=\"https:\/\/proteo.ca\/content\/uploads\/2019\/10\/about.jpg\" \/>\n\t<meta property=\"og:image:width\" content=\"1260\" \/>\n\t<meta property=\"og:image:height\" content=\"810\" \/>\n\t<meta property=\"og:image:type\" content=\"image\/jpeg\" \/>\n<meta name=\"twitter:card\" content=\"summary_large_image\" \/>\n<meta name=\"twitter:label1\" content=\"Est. reading time\" \/>\n\t<meta name=\"twitter:data1\" content=\"6 minutes\" \/>\n<script type=\"application\/ld+json\" class=\"yoast-schema-graph\">{\"@context\":\"https:\/\/schema.org\",\"@graph\":[{\"@type\":\"WebPage\",\"@id\":\"https:\/\/proteo.ca\/en\/management\/\",\"url\":\"https:\/\/proteo.ca\/en\/management\/\",\"name\":\"Management - PROTEO\",\"isPartOf\":{\"@id\":\"https:\/\/proteo.ca\/en\/#website\"},\"datePublished\":\"2019-10-22T12:40:45+00:00\",\"dateModified\":\"2026-03-13T19:02:49+00:00\",\"breadcrumb\":{\"@id\":\"https:\/\/proteo.ca\/en\/management\/#breadcrumb\"},\"inLanguage\":\"en-US\",\"potentialAction\":[{\"@type\":\"ReadAction\",\"target\":[\"https:\/\/proteo.ca\/en\/management\/\"]}]},{\"@type\":\"BreadcrumbList\",\"@id\":\"https:\/\/proteo.ca\/en\/management\/#breadcrumb\",\"itemListElement\":[{\"@type\":\"ListItem\",\"position\":1,\"name\":\"Home\",\"item\":\"https:\/\/proteo.ca\/en\/\"},{\"@type\":\"ListItem\",\"position\":2,\"name\":\"Management\"}]},{\"@type\":\"WebSite\",\"@id\":\"https:\/\/proteo.ca\/en\/#website\",\"url\":\"https:\/\/proteo.ca\/en\/\",\"name\":\"PROTEO\",\"description\":\"Regroupement qu\u00e9b\u00e9cois de recherche sur la fonction, l&#039;ing\u00e9nierie et les applications des prot\u00e9ines\",\"publisher\":{\"@id\":\"https:\/\/proteo.ca\/en\/#organization\"},\"potentialAction\":[{\"@type\":\"SearchAction\",\"target\":{\"@type\":\"EntryPoint\",\"urlTemplate\":\"https:\/\/proteo.ca\/en\/?s={search_term_string}\"},\"query-input\":{\"@type\":\"PropertyValueSpecification\",\"valueRequired\":true,\"valueName\":\"search_term_string\"}}],\"inLanguage\":\"en-US\"},{\"@type\":\"Organization\",\"@id\":\"https:\/\/proteo.ca\/en\/#organization\",\"name\":\"PROTEO\",\"url\":\"https:\/\/proteo.ca\/en\/\",\"logo\":{\"@type\":\"ImageObject\",\"inLanguage\":\"en-US\",\"@id\":\"https:\/\/proteo.ca\/en\/#\/schema\/logo\/image\/\",\"url\":\"https:\/\/proteo.ca\/content\/uploads\/2019\/10\/logo_proteo.png\",\"contentUrl\":\"https:\/\/proteo.ca\/content\/uploads\/2019\/10\/logo_proteo.png\",\"width\":3300,\"height\":1500,\"caption\":\"PROTEO\"},\"image\":{\"@id\":\"https:\/\/proteo.ca\/en\/#\/schema\/logo\/image\/\"}}]}<\/script>\n<!-- \/ Yoast SEO plugin. -->","yoast_head_json":{"title":"Management - PROTEO","robots":{"index":"index","follow":"follow","max-snippet":"max-snippet:-1","max-image-preview":"max-image-preview:large","max-video-preview":"max-video-preview:-1"},"canonical":"https:\/\/proteo.ca\/en\/management\/","og_locale":"en_US","og_type":"article","og_title":"Management - PROTEO","og_description":"Our direction team Our scientific committee &nbsp; Our student committee Interested in getting involved with PROTEO? We&#8217;re always looking for student committee members to represent all PROTEO-affiliated institutions! Contact us at proteo@uqam.ca to find out more!","og_url":"https:\/\/proteo.ca\/en\/management\/","og_site_name":"PROTEO","article_modified_time":"2026-03-13T19:02:49+00:00","og_image":[{"width":1260,"height":810,"url":"https:\/\/proteo.ca\/content\/uploads\/2019\/10\/about.jpg","type":"image\/jpeg"}],"twitter_card":"summary_large_image","twitter_misc":{"Est. reading time":"6 minutes"},"schema":{"@context":"https:\/\/schema.org","@graph":[{"@type":"WebPage","@id":"https:\/\/proteo.ca\/en\/management\/","url":"https:\/\/proteo.ca\/en\/management\/","name":"Management - PROTEO","isPartOf":{"@id":"https:\/\/proteo.ca\/en\/#website"},"datePublished":"2019-10-22T12:40:45+00:00","dateModified":"2026-03-13T19:02:49+00:00","breadcrumb":{"@id":"https:\/\/proteo.ca\/en\/management\/#breadcrumb"},"inLanguage":"en-US","potentialAction":[{"@type":"ReadAction","target":["https:\/\/proteo.ca\/en\/management\/"]}]},{"@type":"BreadcrumbList","@id":"https:\/\/proteo.ca\/en\/management\/#breadcrumb","itemListElement":[{"@type":"ListItem","position":1,"name":"Home","item":"https:\/\/proteo.ca\/en\/"},{"@type":"ListItem","position":2,"name":"Management"}]},{"@type":"WebSite","@id":"https:\/\/proteo.ca\/en\/#website","url":"https:\/\/proteo.ca\/en\/","name":"PROTEO","description":"Regroupement qu\u00e9b\u00e9cois de recherche sur la fonction, l&#039;ing\u00e9nierie et les applications des prot\u00e9ines","publisher":{"@id":"https:\/\/proteo.ca\/en\/#organization"},"potentialAction":[{"@type":"SearchAction","target":{"@type":"EntryPoint","urlTemplate":"https:\/\/proteo.ca\/en\/?s={search_term_string}"},"query-input":{"@type":"PropertyValueSpecification","valueRequired":true,"valueName":"search_term_string"}}],"inLanguage":"en-US"},{"@type":"Organization","@id":"https:\/\/proteo.ca\/en\/#organization","name":"PROTEO","url":"https:\/\/proteo.ca\/en\/","logo":{"@type":"ImageObject","inLanguage":"en-US","@id":"https:\/\/proteo.ca\/en\/#\/schema\/logo\/image\/","url":"https:\/\/proteo.ca\/content\/uploads\/2019\/10\/logo_proteo.png","contentUrl":"https:\/\/proteo.ca\/content\/uploads\/2019\/10\/logo_proteo.png","width":3300,"height":1500,"caption":"PROTEO"},"image":{"@id":"https:\/\/proteo.ca\/en\/#\/schema\/logo\/image\/"}}]}},"_links":{"self":[{"href":"https:\/\/proteo.ca\/en\/wp-json\/wp\/v2\/pages\/225","targetHints":{"allow":["GET"]}}],"collection":[{"href":"https:\/\/proteo.ca\/en\/wp-json\/wp\/v2\/pages"}],"about":[{"href":"https:\/\/proteo.ca\/en\/wp-json\/wp\/v2\/types\/page"}],"author":[{"embeddable":true,"href":"https:\/\/proteo.ca\/en\/wp-json\/wp\/v2\/users\/1"}],"replies":[{"embeddable":true,"href":"https:\/\/proteo.ca\/en\/wp-json\/wp\/v2\/comments?post=225"}],"version-history":[{"count":77,"href":"https:\/\/proteo.ca\/en\/wp-json\/wp\/v2\/pages\/225\/revisions"}],"predecessor-version":[{"id":2977,"href":"https:\/\/proteo.ca\/en\/wp-json\/wp\/v2\/pages\/225\/revisions\/2977"}],"wp:attachment":[{"href":"https:\/\/proteo.ca\/en\/wp-json\/wp\/v2\/media?parent=225"}],"curies":[{"name":"wp","href":"https:\/\/api.w.org\/{rel}","templated":true}]}}