{"id":249,"date":"2019-10-22T17:17:17","date_gmt":"2019-10-22T17:17:17","guid":{"rendered":"http:\/\/www.proteo.ca\/poles-dintervention-et-axes-de-recherche\/"},"modified":"2023-07-19T18:02:46","modified_gmt":"2023-07-19T18:02:46","slug":"focus-areas-and-research-themes","status":"publish","type":"page","link":"https:\/\/proteo.ca\/en\/focus-areas-and-research-themes\/","title":{"rendered":"Focus Areas and Research Themes"},"content":{"rendered":"<h2>Theme 1. Fundamental discoveries on the function of proteins and interactomes<\/h2>\n<p><em>Axis leaders: \u00c9lodie Boisselier (U. Laval) and Xavier Roucou (U. Sherbrooke)<\/em><\/p>\n<p>The identification of new proteins and the characterization of their mechanisms of action at the molecular and systemic levels are essential steps to develop, produce and exploit new biological products and bioprocesses. Moreover, considering their involvement in physiological processes, proteins represent reliable biomarkers for diagnosis and are privileged targets for the development of effective therapies. However, proteins are complex macromolecules and their physicochemical, structural and biological characterization still presents many technological<br \/>\nchallenges, thus requiring a transdisciplinary research strategy. The researchers of Axis 1 have complementary expertise in emerging fields: prediction of protein structures and networks via artificial intelligence, molecular dynamics, and functional proteomics. The research efforts of our members are supported by scientists from various disciplines: (i) synthetic chemists for the design of molecular probes, (ii) bioinformaticians for omics analysis, (iii) biochemists for the understanding of regulatory mechanisms, and (iv) physicists for innovative strategies for studying molecular interactions. Knowledge of the molecular functioning of proteins within organisms is absolutely essential to feed Axes 2 and 3, and in particular to ensure the deployment of targeted applications.<\/p>\n<h2>Theme 2. Engineering of proteins and innovative biological systems<\/h2>\n<p><em>Axis leaders: Joelle Pelletier (U. Montreal) and David Kwan (Concordia)<\/em><\/p>\n<p>Recent advances in genome editing, cell engineering and bioorthogonal chemistry allow the use of proteins as stand-alone devices or as central components of integrated systems. By modulating and controlling the powerful molecular machines that proteins are, it becomes possible to design sensitive biochemical tools and complex systems with innovative functions to meet society&#8217;s needs for sustainable health and green biotechnologies. PROTEO researchers aim to develop modified proteins as green catalysts for industrial and (bio)pharmaceutical chemistry as well as protein components for biomedical diagnostics. These innovations can be integrated into biological systems, such as modified microorganisms, and a broad spectrum of new bioproducts and bioprocesses becomes accessible. Given the expertise of its members in synthetic biology, directed evolution, and computational protein design, PROTEO is already in an enviable position on the international scene to have a strong impact in this innovative research space. The research activities of Axis 2 are fueled by the discoveries of Axis 1 and offer unique innovation opportunities for high value-added processes with the support of Axis 3 researchers, thus illustrating PROTEO&#8217;s strategic value chain.<\/p>\n<h2>Theme 3. Biofabrication, bioprocessing and scaling up to enhance discoveries<\/h2>\n<p><em>Axis leaders: Gregory De Crescenzo (Polytechnique) and Patrick Vermette (U. Sherbrooke)<\/em><\/p>\n<p>Scientific breakthroughs and innovative approaches in protein engineering and synthetic biology are supported and valorized within PROTEO by the presence of an integrated critical mass of experts in biomanufacturing and bioprocess engineering. On the one hand, the researchers of Axis 3 aim at developing and supporting the production of various value-added biomolecules in sufficient quantity and quality in order to support the realization of validation studies and to accelerate the application of technologies stemming from the scientific community. On the other hand, proteins being the biological catalysts at the heart of bioprocesses, the scaling up of innovations in bioengineering is essential to lead to the deployment of viable solutions to critical issues of Quebec society, such as the replacement of chemical synthesis by eco-responsible processes, as well as the valorization of industrial biomass waste. These objectives are supported by the presence of recognized expertise in applied bioengineering, by the development of advanced analytical tools, and by access to state-of-the-art infrastructures. By ensuring close collaboration between the three axes through targeted actions, the principles of scalability are integrated from the very first stages of research, thus ensuring that the innovation resulting from PROTEO&#8217;s scientific breakthroughs quickly has an impact on Qu\u00e9bec society.<\/p>\n<p>&nbsp;<\/p>\n","protected":false},"excerpt":{"rendered":"<p>Theme 1. Fundamental discoveries on the function of proteins and interactomes Axis leaders: \u00c9lodie Boisselier (U. Laval) and Xavier Roucou (U. Sherbrooke) The identification of new proteins and the characterization of their mechanisms of action at the molecular and systemic levels are essential steps to develop, produce and exploit new biological products and bioprocesses. Moreover, [&hellip;]<\/p>\n","protected":false},"author":1,"featured_media":155,"parent":0,"menu_order":0,"comment_status":"closed","ping_status":"closed","template":"","meta":{"_acf_changed":false,"footnotes":""},"class_list":["post-249","page","type-page","status-publish","has-post-thumbnail","hentry"],"acf":[],"yoast_head":"<!-- This site is optimized with the Yoast SEO plugin v26.1.1 - https:\/\/yoast.com\/wordpress\/plugins\/seo\/ -->\n<title>Focus Areas and Research Themes - PROTEO<\/title>\n<meta name=\"robots\" content=\"index, follow, max-snippet:-1, max-image-preview:large, max-video-preview:-1\" \/>\n<link rel=\"canonical\" href=\"https:\/\/proteo.ca\/en\/focus-areas-and-research-themes\/\" \/>\n<meta property=\"og:locale\" content=\"en_US\" \/>\n<meta property=\"og:type\" content=\"article\" \/>\n<meta property=\"og:title\" content=\"Focus Areas and Research Themes - PROTEO\" \/>\n<meta property=\"og:description\" content=\"Theme 1. Fundamental discoveries on the function of proteins and interactomes Axis leaders: \u00c9lodie Boisselier (U. Laval) and Xavier Roucou (U. Sherbrooke) The identification of new proteins and the characterization of their mechanisms of action at the molecular and systemic levels are essential steps to develop, produce and exploit new biological products and bioprocesses. Moreover, [&hellip;]\" \/>\n<meta property=\"og:url\" content=\"https:\/\/proteo.ca\/en\/focus-areas-and-research-themes\/\" \/>\n<meta property=\"og:site_name\" content=\"PROTEO\" \/>\n<meta property=\"article:modified_time\" content=\"2023-07-19T18:02:46+00:00\" \/>\n<meta property=\"og:image\" content=\"https:\/\/proteo.ca\/content\/uploads\/2019\/10\/pole-intervention.jpg\" \/>\n\t<meta property=\"og:image:width\" content=\"1260\" \/>\n\t<meta property=\"og:image:height\" content=\"810\" \/>\n\t<meta property=\"og:image:type\" content=\"image\/jpeg\" \/>\n<meta name=\"twitter:card\" content=\"summary_large_image\" \/>\n<meta name=\"twitter:label1\" content=\"Est. reading time\" \/>\n\t<meta name=\"twitter:data1\" content=\"3 minutes\" \/>\n<script type=\"application\/ld+json\" class=\"yoast-schema-graph\">{\"@context\":\"https:\/\/schema.org\",\"@graph\":[{\"@type\":\"WebPage\",\"@id\":\"https:\/\/proteo.ca\/en\/focus-areas-and-research-themes\/\",\"url\":\"https:\/\/proteo.ca\/en\/focus-areas-and-research-themes\/\",\"name\":\"Focus Areas and Research Themes - PROTEO\",\"isPartOf\":{\"@id\":\"https:\/\/proteo.ca\/en\/#website\"},\"primaryImageOfPage\":{\"@id\":\"https:\/\/proteo.ca\/en\/focus-areas-and-research-themes\/#primaryimage\"},\"image\":{\"@id\":\"https:\/\/proteo.ca\/en\/focus-areas-and-research-themes\/#primaryimage\"},\"thumbnailUrl\":\"https:\/\/proteo.ca\/content\/uploads\/2019\/10\/pole-intervention.jpg\",\"datePublished\":\"2019-10-22T17:17:17+00:00\",\"dateModified\":\"2023-07-19T18:02:46+00:00\",\"breadcrumb\":{\"@id\":\"https:\/\/proteo.ca\/en\/focus-areas-and-research-themes\/#breadcrumb\"},\"inLanguage\":\"en-US\",\"potentialAction\":[{\"@type\":\"ReadAction\",\"target\":[\"https:\/\/proteo.ca\/en\/focus-areas-and-research-themes\/\"]}]},{\"@type\":\"ImageObject\",\"inLanguage\":\"en-US\",\"@id\":\"https:\/\/proteo.ca\/en\/focus-areas-and-research-themes\/#primaryimage\",\"url\":\"https:\/\/proteo.ca\/content\/uploads\/2019\/10\/pole-intervention.jpg\",\"contentUrl\":\"https:\/\/proteo.ca\/content\/uploads\/2019\/10\/pole-intervention.jpg\",\"width\":1260,\"height\":810},{\"@type\":\"BreadcrumbList\",\"@id\":\"https:\/\/proteo.ca\/en\/focus-areas-and-research-themes\/#breadcrumb\",\"itemListElement\":[{\"@type\":\"ListItem\",\"position\":1,\"name\":\"Home\",\"item\":\"https:\/\/proteo.ca\/en\/\"},{\"@type\":\"ListItem\",\"position\":2,\"name\":\"Focus Areas and Research Themes\"}]},{\"@type\":\"WebSite\",\"@id\":\"https:\/\/proteo.ca\/en\/#website\",\"url\":\"https:\/\/proteo.ca\/en\/\",\"name\":\"PROTEO\",\"description\":\"Regroupement qu\u00e9b\u00e9cois de recherche sur la fonction, l&#039;ing\u00e9nierie et les applications des prot\u00e9ines\",\"publisher\":{\"@id\":\"https:\/\/proteo.ca\/en\/#organization\"},\"potentialAction\":[{\"@type\":\"SearchAction\",\"target\":{\"@type\":\"EntryPoint\",\"urlTemplate\":\"https:\/\/proteo.ca\/en\/?s={search_term_string}\"},\"query-input\":{\"@type\":\"PropertyValueSpecification\",\"valueRequired\":true,\"valueName\":\"search_term_string\"}}],\"inLanguage\":\"en-US\"},{\"@type\":\"Organization\",\"@id\":\"https:\/\/proteo.ca\/en\/#organization\",\"name\":\"PROTEO\",\"url\":\"https:\/\/proteo.ca\/en\/\",\"logo\":{\"@type\":\"ImageObject\",\"inLanguage\":\"en-US\",\"@id\":\"https:\/\/proteo.ca\/en\/#\/schema\/logo\/image\/\",\"url\":\"https:\/\/proteo.ca\/content\/uploads\/2019\/10\/logo_proteo.png\",\"contentUrl\":\"https:\/\/proteo.ca\/content\/uploads\/2019\/10\/logo_proteo.png\",\"width\":3300,\"height\":1500,\"caption\":\"PROTEO\"},\"image\":{\"@id\":\"https:\/\/proteo.ca\/en\/#\/schema\/logo\/image\/\"}}]}<\/script>\n<!-- \/ Yoast SEO plugin. -->","yoast_head_json":{"title":"Focus Areas and Research Themes - PROTEO","robots":{"index":"index","follow":"follow","max-snippet":"max-snippet:-1","max-image-preview":"max-image-preview:large","max-video-preview":"max-video-preview:-1"},"canonical":"https:\/\/proteo.ca\/en\/focus-areas-and-research-themes\/","og_locale":"en_US","og_type":"article","og_title":"Focus Areas and Research Themes - PROTEO","og_description":"Theme 1. Fundamental discoveries on the function of proteins and interactomes Axis leaders: \u00c9lodie Boisselier (U. Laval) and Xavier Roucou (U. Sherbrooke) The identification of new proteins and the characterization of their mechanisms of action at the molecular and systemic levels are essential steps to develop, produce and exploit new biological products and bioprocesses. Moreover, [&hellip;]","og_url":"https:\/\/proteo.ca\/en\/focus-areas-and-research-themes\/","og_site_name":"PROTEO","article_modified_time":"2023-07-19T18:02:46+00:00","og_image":[{"width":1260,"height":810,"url":"https:\/\/proteo.ca\/content\/uploads\/2019\/10\/pole-intervention.jpg","type":"image\/jpeg"}],"twitter_card":"summary_large_image","twitter_misc":{"Est. reading time":"3 minutes"},"schema":{"@context":"https:\/\/schema.org","@graph":[{"@type":"WebPage","@id":"https:\/\/proteo.ca\/en\/focus-areas-and-research-themes\/","url":"https:\/\/proteo.ca\/en\/focus-areas-and-research-themes\/","name":"Focus Areas and Research Themes - PROTEO","isPartOf":{"@id":"https:\/\/proteo.ca\/en\/#website"},"primaryImageOfPage":{"@id":"https:\/\/proteo.ca\/en\/focus-areas-and-research-themes\/#primaryimage"},"image":{"@id":"https:\/\/proteo.ca\/en\/focus-areas-and-research-themes\/#primaryimage"},"thumbnailUrl":"https:\/\/proteo.ca\/content\/uploads\/2019\/10\/pole-intervention.jpg","datePublished":"2019-10-22T17:17:17+00:00","dateModified":"2023-07-19T18:02:46+00:00","breadcrumb":{"@id":"https:\/\/proteo.ca\/en\/focus-areas-and-research-themes\/#breadcrumb"},"inLanguage":"en-US","potentialAction":[{"@type":"ReadAction","target":["https:\/\/proteo.ca\/en\/focus-areas-and-research-themes\/"]}]},{"@type":"ImageObject","inLanguage":"en-US","@id":"https:\/\/proteo.ca\/en\/focus-areas-and-research-themes\/#primaryimage","url":"https:\/\/proteo.ca\/content\/uploads\/2019\/10\/pole-intervention.jpg","contentUrl":"https:\/\/proteo.ca\/content\/uploads\/2019\/10\/pole-intervention.jpg","width":1260,"height":810},{"@type":"BreadcrumbList","@id":"https:\/\/proteo.ca\/en\/focus-areas-and-research-themes\/#breadcrumb","itemListElement":[{"@type":"ListItem","position":1,"name":"Home","item":"https:\/\/proteo.ca\/en\/"},{"@type":"ListItem","position":2,"name":"Focus Areas and Research Themes"}]},{"@type":"WebSite","@id":"https:\/\/proteo.ca\/en\/#website","url":"https:\/\/proteo.ca\/en\/","name":"PROTEO","description":"Regroupement qu\u00e9b\u00e9cois de recherche sur la fonction, l&#039;ing\u00e9nierie et les applications des prot\u00e9ines","publisher":{"@id":"https:\/\/proteo.ca\/en\/#organization"},"potentialAction":[{"@type":"SearchAction","target":{"@type":"EntryPoint","urlTemplate":"https:\/\/proteo.ca\/en\/?s={search_term_string}"},"query-input":{"@type":"PropertyValueSpecification","valueRequired":true,"valueName":"search_term_string"}}],"inLanguage":"en-US"},{"@type":"Organization","@id":"https:\/\/proteo.ca\/en\/#organization","name":"PROTEO","url":"https:\/\/proteo.ca\/en\/","logo":{"@type":"ImageObject","inLanguage":"en-US","@id":"https:\/\/proteo.ca\/en\/#\/schema\/logo\/image\/","url":"https:\/\/proteo.ca\/content\/uploads\/2019\/10\/logo_proteo.png","contentUrl":"https:\/\/proteo.ca\/content\/uploads\/2019\/10\/logo_proteo.png","width":3300,"height":1500,"caption":"PROTEO"},"image":{"@id":"https:\/\/proteo.ca\/en\/#\/schema\/logo\/image\/"}}]}},"_links":{"self":[{"href":"https:\/\/proteo.ca\/en\/wp-json\/wp\/v2\/pages\/249","targetHints":{"allow":["GET"]}}],"collection":[{"href":"https:\/\/proteo.ca\/en\/wp-json\/wp\/v2\/pages"}],"about":[{"href":"https:\/\/proteo.ca\/en\/wp-json\/wp\/v2\/types\/page"}],"author":[{"embeddable":true,"href":"https:\/\/proteo.ca\/en\/wp-json\/wp\/v2\/users\/1"}],"replies":[{"embeddable":true,"href":"https:\/\/proteo.ca\/en\/wp-json\/wp\/v2\/comments?post=249"}],"version-history":[{"count":8,"href":"https:\/\/proteo.ca\/en\/wp-json\/wp\/v2\/pages\/249\/revisions"}],"predecessor-version":[{"id":1452,"href":"https:\/\/proteo.ca\/en\/wp-json\/wp\/v2\/pages\/249\/revisions\/1452"}],"wp:featuredmedia":[{"embeddable":true,"href":"https:\/\/proteo.ca\/en\/wp-json\/wp\/v2\/media\/155"}],"wp:attachment":[{"href":"https:\/\/proteo.ca\/en\/wp-json\/wp\/v2\/media?parent=249"}],"curies":[{"name":"wp","href":"https:\/\/api.w.org\/{rel}","templated":true}]}}