{"id":278,"date":"2019-10-22T14:34:01","date_gmt":"2019-10-22T14:34:01","guid":{"rendered":"http:\/\/www.proteo.ca\/pour-les-etudiants\/"},"modified":"2019-10-28T19:42:20","modified_gmt":"2019-10-28T19:42:20","slug":"for-students","status":"publish","type":"page","link":"https:\/\/proteo.ca\/en\/for-students\/","title":{"rendered":"For students"},"content":{"rendered":"<h2>PROTEO Financial Support<\/h2>\n<p>PROTEO is proud to offer several types of financial supports in order to help talented students or post-doctoral fellows of the Network. Here are the various supports available:<\/p>\n<div class=\"box mt-4\"><div class=\"box-wrapper\"><div class=\"row\"><div class=\"col-12\"><a href=\"https:\/\/proteo.ca\/en\/for-students\/blogging-competition\/\" class=\"large-link mb-2 d-inline-block\">Blogging competition (CLOSED COMPETITION)<\/a><p class=\"mb-0\">The aim of this competition is to promote PROTEO's research to the general public. Participants will write blog articles related to PROTEO's research themes. <\/p><\/div><\/div><div class=\"row align-items-center mt-3\"><div class=\"col-12\"><a href=\"https:\/\/proteo.ca\/en\/for-students\/blogging-competition\/\" class=\"btn btn-outline-primary btn-space-icon d-block d-sm-inline-block\">More details<i class=\"far fa-long-arrow-right\"><\/i><\/a><\/div><\/div><\/div><div class=\"box-flourish\"><\/div><\/div><div class=\"box mt-4\"><div class=\"box-wrapper\"><div class=\"row\"><div class=\"col-12\"><a href=\"https:\/\/proteo.ca\/en\/for-students\/proteo-graduate-students-scholarships\/\" class=\"large-link mb-2 d-inline-block\">PROTEO Graduate Students Scholarships (CLOSED COMPETITION)<\/a><p class=\"mb-0\">PROTEO Graduate Students Scholarships aim to financially help promising candidates to undertake or to pursue graduate studies within PROTEO. These scholarships improve students' CVs and help them to be more competitive in scholarship programs from governmental agencies. Another objective is to foster the establishment of new collaborations between members by supporting cosupervised graduate students. <\/p><\/div><\/div><div class=\"row align-items-center mt-3\"><div class=\"col-12\"><a href=\"https:\/\/proteo.ca\/en\/for-students\/proteo-graduate-students-scholarships\/\" class=\"btn btn-outline-primary btn-space-icon d-block d-sm-inline-block\">More details<i class=\"far fa-long-arrow-right\"><\/i><\/a><\/div><\/div><\/div><div class=\"box-flourish\"><\/div><\/div><div class=\"box mt-4\"><div class=\"box-wrapper\"><div class=\"row\"><div class=\"col-12\"><a href=\"https:\/\/proteo.ca\/en\/for-students\/proteo-conference-scholarships-from-the-student-committee\/\" class=\"large-link mb-2 d-inline-block\">PROTEO Conference Scholarships from the Student Committee (CLOSED COMPETITION)<\/a><p class=\"mb-0\">The goal of the Conference scholarships is to support the active participation of PROTEO graduate students and postdoctoral fellows to international conferences. <\/p><\/div><\/div><div class=\"row align-items-center mt-3\"><div class=\"col-12\"><a href=\"https:\/\/proteo.ca\/en\/for-students\/proteo-conference-scholarships-from-the-student-committee\/\" class=\"btn btn-outline-primary btn-space-icon d-block d-sm-inline-block\">More details<i class=\"far fa-long-arrow-right\"><\/i><\/a><\/div><\/div><\/div><div class=\"box-flourish\"><\/div><\/div><div class=\"box mt-4\"><div class=\"box-wrapper\"><div class=\"row\"><div class=\"col-12\"><a href=\"https:\/\/proteo.ca\/en\/for-students\/protein-science-in-images-contest\/\" class=\"large-link mb-2 d-inline-block\">Protein Science in images contest (CLOSED COMPETITION)<\/a><p class=\"mb-0\">The aim of this competition is to showcase the research carried out by PROTEO members. The images submitted (e.g. microscopy images, protein structures, photos of a bioreactors) to this competition will be used to promote research on all aspects of proteins in PROTEO's internal communications and on the internet (website, LinkedIn, X).  <\/p><\/div><\/div><div class=\"row align-items-center mt-3\"><div class=\"col-12\"><a href=\"https:\/\/proteo.ca\/en\/for-students\/protein-science-in-images-contest\/\" class=\"btn btn-outline-primary btn-space-icon d-block d-sm-inline-block\">More details<i class=\"far fa-long-arrow-right\"><\/i><\/a><\/div><\/div><\/div><div class=\"box-flourish\"><\/div><\/div><div class=\"box mt-4\"><div class=\"box-wrapper\"><div class=\"row\"><div class=\"col-12\"><a href=\"https:\/\/proteo.ca\/en\/for-students\/intra-proteo-internship-scholarships\/\" class=\"large-link mb-2 d-inline-block\">intra-PROTEO internship grants (OPEN COMPETITION)<\/a><p class=\"mb-0\">This program aims to help PROTEO students, post-docs and research professional to acquire new skills and\/or to have access to infrastructure by performing a training in the laboratory of other PROTEO members.<\/p><\/div><\/div><div class=\"row align-items-center mt-3\"><div class=\"col-12\"><a href=\"https:\/\/proteo.ca\/en\/for-students\/intra-proteo-internship-scholarships\/\" class=\"btn btn-outline-primary btn-space-icon d-block d-sm-inline-block\">More details<i class=\"far fa-long-arrow-right\"><\/i><\/a><\/div><\/div><\/div><div class=\"box-flourish\"><\/div><\/div><div class=\"box mt-4\"><div class=\"box-wrapper\"><div class=\"row\"><div class=\"col-12\"><a href=\"https:\/\/proteo.ca\/en\/for-students\/proteo-summer-studentships-undergraduate\/\" class=\"large-link mb-2 d-inline-block\">PROTEO Summer studentships (Undergraduate) (CLOSED COMPETITION)<\/a><p class=\"mb-0\">The PROTEO summer internship scholarships are designed to provide financial support for undergraduate students undertaking a research internship with the network. They also aim to stimulate interest in undertaking graduate studies, and to act as a lever for obtaining scholarships from granting agencies.<\/p><\/div><\/div><div class=\"row align-items-center mt-3\"><div class=\"col-12\"><a href=\"https:\/\/proteo.ca\/en\/for-students\/proteo-summer-studentships-undergraduate\/\" class=\"btn btn-outline-primary btn-space-icon d-block d-sm-inline-block\">More details<i class=\"far fa-long-arrow-right\"><\/i><\/a><\/div><\/div><\/div><div class=\"box-flourish\"><\/div><\/div><div class=\"box mt-4\"><div class=\"box-wrapper\"><div class=\"row\"><div class=\"col-12\"><a href=\"https:\/\/proteo.ca\/en\/for-students\/proteo-undergraduate-summer-studentships\/\" class=\"large-link mb-2 d-inline-block\">GLOBALINK MITACS RESEARCH FELLOWSHIP<\/a><p class=\"mb-0\">The Mitacs Globalink Research Award (GRA) program supports research collaborations between Canada and eligible countries and regions through intern(s) international mobility.<\/p><\/div><\/div><div class=\"row align-items-center mt-3\"><div class=\"col-12\"><a href=\"https:\/\/proteo.ca\/en\/for-students\/proteo-undergraduate-summer-studentships\/\" class=\"btn btn-outline-primary btn-space-icon d-block d-sm-inline-block\">More details<i class=\"far fa-long-arrow-right\"><\/i><\/a><\/div><\/div><\/div><div class=\"box-flourish\"><\/div><\/div><div class=\"box mt-4\"><div class=\"box-wrapper\"><div class=\"row\"><div class=\"col-12\"><a href=\"https:\/\/proteo.ca\/en\/for-students\/michele-auger-award\/\" class=\"large-link mb-2 d-inline-block\">Mich\u00e8le-Auger Award (CLOSED COMPETITION)<\/a><p class=\"mb-0\">The Mich\u00e8le-Auger Award is attributed annually\u00a0to a woman\u00a0having\u00a0demonstrated scientific excellence in research\u00a0as well as active leadership in the community.\u00a0<\/p><\/div><\/div><div class=\"row align-items-center mt-3\"><div class=\"col-12\"><a href=\"https:\/\/proteo.ca\/en\/for-students\/michele-auger-award\/\" class=\"btn btn-outline-primary btn-space-icon d-block d-sm-inline-block\">More details<i class=\"far fa-long-arrow-right\"><\/i><\/a><\/div><\/div><\/div><div class=\"box-flourish\"><\/div><\/div>\n","protected":false},"excerpt":{"rendered":"<p>PROTEO Financial Support PROTEO is proud to offer several types of financial supports in order to help talented students or post-doctoral fellows of the Network. Here are the various supports available:<\/p>\n","protected":false},"author":1,"featured_media":154,"parent":0,"menu_order":0,"comment_status":"closed","ping_status":"closed","template":"page-student.php","meta":{"_acf_changed":false,"footnotes":""},"class_list":["post-278","page","type-page","status-publish","has-post-thumbnail","hentry"],"acf":[],"yoast_head":"<!-- This site is optimized with the Yoast SEO plugin v26.1.1 - https:\/\/yoast.com\/wordpress\/plugins\/seo\/ -->\n<title>For students - PROTEO<\/title>\n<meta name=\"robots\" content=\"index, follow, max-snippet:-1, max-image-preview:large, max-video-preview:-1\" \/>\n<link rel=\"canonical\" href=\"https:\/\/proteo.ca\/en\/for-students\/\" \/>\n<meta property=\"og:locale\" content=\"en_US\" \/>\n<meta property=\"og:type\" content=\"article\" \/>\n<meta property=\"og:title\" content=\"For students - PROTEO\" \/>\n<meta property=\"og:description\" content=\"PROTEO Financial Support PROTEO is proud to offer several types of financial supports in order to help talented students or post-doctoral fellows of the Network. Here are the various supports available:\" \/>\n<meta property=\"og:url\" content=\"https:\/\/proteo.ca\/en\/for-students\/\" \/>\n<meta property=\"og:site_name\" content=\"PROTEO\" \/>\n<meta property=\"article:modified_time\" content=\"2019-10-28T19:42:20+00:00\" \/>\n<meta property=\"og:image\" content=\"https:\/\/proteo.ca\/content\/uploads\/2019\/10\/pour-etudiants.jpg\" \/>\n\t<meta property=\"og:image:width\" content=\"1259\" \/>\n\t<meta property=\"og:image:height\" content=\"810\" \/>\n\t<meta property=\"og:image:type\" content=\"image\/jpeg\" \/>\n<meta name=\"twitter:card\" content=\"summary_large_image\" \/>\n<script type=\"application\/ld+json\" class=\"yoast-schema-graph\">{\"@context\":\"https:\/\/schema.org\",\"@graph\":[{\"@type\":\"WebPage\",\"@id\":\"https:\/\/proteo.ca\/en\/for-students\/\",\"url\":\"https:\/\/proteo.ca\/en\/for-students\/\",\"name\":\"For students - PROTEO\",\"isPartOf\":{\"@id\":\"https:\/\/proteo.ca\/en\/#website\"},\"primaryImageOfPage\":{\"@id\":\"https:\/\/proteo.ca\/en\/for-students\/#primaryimage\"},\"image\":{\"@id\":\"https:\/\/proteo.ca\/en\/for-students\/#primaryimage\"},\"thumbnailUrl\":\"https:\/\/proteo.ca\/content\/uploads\/2019\/10\/pour-etudiants.jpg\",\"datePublished\":\"2019-10-22T14:34:01+00:00\",\"dateModified\":\"2019-10-28T19:42:20+00:00\",\"breadcrumb\":{\"@id\":\"https:\/\/proteo.ca\/en\/for-students\/#breadcrumb\"},\"inLanguage\":\"en-US\",\"potentialAction\":[{\"@type\":\"ReadAction\",\"target\":[\"https:\/\/proteo.ca\/en\/for-students\/\"]}]},{\"@type\":\"ImageObject\",\"inLanguage\":\"en-US\",\"@id\":\"https:\/\/proteo.ca\/en\/for-students\/#primaryimage\",\"url\":\"https:\/\/proteo.ca\/content\/uploads\/2019\/10\/pour-etudiants.jpg\",\"contentUrl\":\"https:\/\/proteo.ca\/content\/uploads\/2019\/10\/pour-etudiants.jpg\",\"width\":1259,\"height\":810},{\"@type\":\"BreadcrumbList\",\"@id\":\"https:\/\/proteo.ca\/en\/for-students\/#breadcrumb\",\"itemListElement\":[{\"@type\":\"ListItem\",\"position\":1,\"name\":\"Home\",\"item\":\"https:\/\/proteo.ca\/en\/\"},{\"@type\":\"ListItem\",\"position\":2,\"name\":\"For students\"}]},{\"@type\":\"WebSite\",\"@id\":\"https:\/\/proteo.ca\/en\/#website\",\"url\":\"https:\/\/proteo.ca\/en\/\",\"name\":\"PROTEO\",\"description\":\"Regroupement qu\u00e9b\u00e9cois de recherche sur la fonction, l&#039;ing\u00e9nierie et les applications des prot\u00e9ines\",\"publisher\":{\"@id\":\"https:\/\/proteo.ca\/en\/#organization\"},\"potentialAction\":[{\"@type\":\"SearchAction\",\"target\":{\"@type\":\"EntryPoint\",\"urlTemplate\":\"https:\/\/proteo.ca\/en\/?s={search_term_string}\"},\"query-input\":{\"@type\":\"PropertyValueSpecification\",\"valueRequired\":true,\"valueName\":\"search_term_string\"}}],\"inLanguage\":\"en-US\"},{\"@type\":\"Organization\",\"@id\":\"https:\/\/proteo.ca\/en\/#organization\",\"name\":\"PROTEO\",\"url\":\"https:\/\/proteo.ca\/en\/\",\"logo\":{\"@type\":\"ImageObject\",\"inLanguage\":\"en-US\",\"@id\":\"https:\/\/proteo.ca\/en\/#\/schema\/logo\/image\/\",\"url\":\"https:\/\/proteo.ca\/content\/uploads\/2019\/10\/logo_proteo.png\",\"contentUrl\":\"https:\/\/proteo.ca\/content\/uploads\/2019\/10\/logo_proteo.png\",\"width\":3300,\"height\":1500,\"caption\":\"PROTEO\"},\"image\":{\"@id\":\"https:\/\/proteo.ca\/en\/#\/schema\/logo\/image\/\"}}]}<\/script>\n<!-- \/ Yoast SEO plugin. -->","yoast_head_json":{"title":"For students - PROTEO","robots":{"index":"index","follow":"follow","max-snippet":"max-snippet:-1","max-image-preview":"max-image-preview:large","max-video-preview":"max-video-preview:-1"},"canonical":"https:\/\/proteo.ca\/en\/for-students\/","og_locale":"en_US","og_type":"article","og_title":"For students - PROTEO","og_description":"PROTEO Financial Support PROTEO is proud to offer several types of financial supports in order to help talented students or post-doctoral fellows of the Network. Here are the various supports available:","og_url":"https:\/\/proteo.ca\/en\/for-students\/","og_site_name":"PROTEO","article_modified_time":"2019-10-28T19:42:20+00:00","og_image":[{"width":1259,"height":810,"url":"https:\/\/proteo.ca\/content\/uploads\/2019\/10\/pour-etudiants.jpg","type":"image\/jpeg"}],"twitter_card":"summary_large_image","schema":{"@context":"https:\/\/schema.org","@graph":[{"@type":"WebPage","@id":"https:\/\/proteo.ca\/en\/for-students\/","url":"https:\/\/proteo.ca\/en\/for-students\/","name":"For students - PROTEO","isPartOf":{"@id":"https:\/\/proteo.ca\/en\/#website"},"primaryImageOfPage":{"@id":"https:\/\/proteo.ca\/en\/for-students\/#primaryimage"},"image":{"@id":"https:\/\/proteo.ca\/en\/for-students\/#primaryimage"},"thumbnailUrl":"https:\/\/proteo.ca\/content\/uploads\/2019\/10\/pour-etudiants.jpg","datePublished":"2019-10-22T14:34:01+00:00","dateModified":"2019-10-28T19:42:20+00:00","breadcrumb":{"@id":"https:\/\/proteo.ca\/en\/for-students\/#breadcrumb"},"inLanguage":"en-US","potentialAction":[{"@type":"ReadAction","target":["https:\/\/proteo.ca\/en\/for-students\/"]}]},{"@type":"ImageObject","inLanguage":"en-US","@id":"https:\/\/proteo.ca\/en\/for-students\/#primaryimage","url":"https:\/\/proteo.ca\/content\/uploads\/2019\/10\/pour-etudiants.jpg","contentUrl":"https:\/\/proteo.ca\/content\/uploads\/2019\/10\/pour-etudiants.jpg","width":1259,"height":810},{"@type":"BreadcrumbList","@id":"https:\/\/proteo.ca\/en\/for-students\/#breadcrumb","itemListElement":[{"@type":"ListItem","position":1,"name":"Home","item":"https:\/\/proteo.ca\/en\/"},{"@type":"ListItem","position":2,"name":"For students"}]},{"@type":"WebSite","@id":"https:\/\/proteo.ca\/en\/#website","url":"https:\/\/proteo.ca\/en\/","name":"PROTEO","description":"Regroupement qu\u00e9b\u00e9cois de recherche sur la fonction, l&#039;ing\u00e9nierie et les applications des prot\u00e9ines","publisher":{"@id":"https:\/\/proteo.ca\/en\/#organization"},"potentialAction":[{"@type":"SearchAction","target":{"@type":"EntryPoint","urlTemplate":"https:\/\/proteo.ca\/en\/?s={search_term_string}"},"query-input":{"@type":"PropertyValueSpecification","valueRequired":true,"valueName":"search_term_string"}}],"inLanguage":"en-US"},{"@type":"Organization","@id":"https:\/\/proteo.ca\/en\/#organization","name":"PROTEO","url":"https:\/\/proteo.ca\/en\/","logo":{"@type":"ImageObject","inLanguage":"en-US","@id":"https:\/\/proteo.ca\/en\/#\/schema\/logo\/image\/","url":"https:\/\/proteo.ca\/content\/uploads\/2019\/10\/logo_proteo.png","contentUrl":"https:\/\/proteo.ca\/content\/uploads\/2019\/10\/logo_proteo.png","width":3300,"height":1500,"caption":"PROTEO"},"image":{"@id":"https:\/\/proteo.ca\/en\/#\/schema\/logo\/image\/"}}]}},"_links":{"self":[{"href":"https:\/\/proteo.ca\/en\/wp-json\/wp\/v2\/pages\/278","targetHints":{"allow":["GET"]}}],"collection":[{"href":"https:\/\/proteo.ca\/en\/wp-json\/wp\/v2\/pages"}],"about":[{"href":"https:\/\/proteo.ca\/en\/wp-json\/wp\/v2\/types\/page"}],"author":[{"embeddable":true,"href":"https:\/\/proteo.ca\/en\/wp-json\/wp\/v2\/users\/1"}],"replies":[{"embeddable":true,"href":"https:\/\/proteo.ca\/en\/wp-json\/wp\/v2\/comments?post=278"}],"version-history":[{"count":2,"href":"https:\/\/proteo.ca\/en\/wp-json\/wp\/v2\/pages\/278\/revisions"}],"predecessor-version":[{"id":280,"href":"https:\/\/proteo.ca\/en\/wp-json\/wp\/v2\/pages\/278\/revisions\/280"}],"wp:featuredmedia":[{"embeddable":true,"href":"https:\/\/proteo.ca\/en\/wp-json\/wp\/v2\/media\/154"}],"wp:attachment":[{"href":"https:\/\/proteo.ca\/en\/wp-json\/wp\/v2\/media?parent=278"}],"curies":[{"name":"wp","href":"https:\/\/api.w.org\/{rel}","templated":true}]}}