{"id":2822,"date":"2025-10-02T14:59:40","date_gmt":"2025-10-02T14:59:40","guid":{"rendered":"https:\/\/proteo.ca\/?page_id=2822"},"modified":"2025-10-08T18:15:54","modified_gmt":"2025-10-08T18:15:54","slug":"for-research-professional","status":"publish","type":"page","link":"https:\/\/proteo.ca\/en\/for-research-professional\/","title":{"rendered":"For research professional"},"content":{"rendered":"<h2>PROTEO Financial Support<\/h2>\n<p>PROTEO is pleased to offer various forms of support to assist its research professional members within the network. Discover the different funding and support options available to you:<\/p>\n<div class=\"box mt-4\"><div class=\"box-wrapper\"><div class=\"row\"><div class=\"col-12\"><a href=\"https:\/\/proteo.ca\/en\/subventions\/intra-proteo-internship-grants-open-competition\/\" class=\"large-link mb-2 d-inline-block\">Intra-PROTEO internship grants (OPEN COMPETITION)<\/a><p class=\"mb-0\">This program aims to help PROTEO students, post-docs and research professional to acquire new skills and\/or to have access to infrastructure by performing a training in the laboratory of other PROTEO members.<\/p><\/div><\/div><div class=\"row align-items-center mt-3\"><div class=\"col-12\"><a href=\"https:\/\/proteo.ca\/en\/subventions\/intra-proteo-internship-grants-open-competition\/\" class=\"btn btn-outline-primary btn-space-icon d-block d-sm-inline-block\">More details<i class=\"far fa-long-arrow-right\"><\/i><\/a><\/div><\/div><\/div><div class=\"box-flourish\"><\/div><\/div><div class=\"box mt-4\"><div class=\"box-wrapper\"><div class=\"row\"><div class=\"col-12\"><a href=\"https:\/\/proteo.ca\/en\/subventions\/financial-support-for-participation-in-scientific-conferences-for-research-professionals\/\" class=\"large-link mb-2 d-inline-block\">Financial support for participation in scientific conferences for research professionals (CLOSED COMPETITION)<\/a><p class=\"mb-0\"><\/p><\/div><\/div><div class=\"row align-items-center mt-3\"><div class=\"col-12\"><a href=\"https:\/\/proteo.ca\/en\/subventions\/financial-support-for-participation-in-scientific-conferences-for-research-professionals\/\" class=\"btn btn-outline-primary btn-space-icon d-block d-sm-inline-block\">More details<i class=\"far fa-long-arrow-right\"><\/i><\/a><\/div><\/div><\/div><div class=\"box-flourish\"><\/div><\/div>\n","protected":false},"excerpt":{"rendered":"<p>PROTEO Financial Support PROTEO is pleased to offer various forms of support to assist its research professional members within the network. Discover the different funding and support options available to you:<\/p>\n","protected":false},"author":3,"featured_media":0,"parent":0,"menu_order":0,"comment_status":"closed","ping_status":"closed","template":"","meta":{"_acf_changed":false,"footnotes":""},"class_list":["post-2822","page","type-page","status-publish","hentry"],"acf":[],"yoast_head":"<!-- This site is optimized with the Yoast SEO plugin v26.1.1 - https:\/\/yoast.com\/wordpress\/plugins\/seo\/ -->\n<title>For research professional - PROTEO<\/title>\n<meta name=\"robots\" content=\"index, follow, max-snippet:-1, max-image-preview:large, max-video-preview:-1\" \/>\n<link rel=\"canonical\" href=\"https:\/\/proteo.ca\/en\/for-research-professional\/\" \/>\n<meta property=\"og:locale\" content=\"en_US\" \/>\n<meta property=\"og:type\" content=\"article\" \/>\n<meta property=\"og:title\" content=\"For research professional - PROTEO\" \/>\n<meta property=\"og:description\" content=\"PROTEO Financial Support PROTEO is pleased to offer various forms of support to assist its research professional members within the network. Discover the different funding and support options available to you:\" \/>\n<meta property=\"og:url\" content=\"https:\/\/proteo.ca\/en\/for-research-professional\/\" \/>\n<meta property=\"og:site_name\" content=\"PROTEO\" \/>\n<meta property=\"article:modified_time\" content=\"2025-10-08T18:15:54+00:00\" \/>\n<meta property=\"og:image\" content=\"https:\/\/proteo.ca\/content\/uploads\/2019\/10\/about.jpg\" \/>\n\t<meta property=\"og:image:width\" content=\"1260\" \/>\n\t<meta property=\"og:image:height\" content=\"810\" \/>\n\t<meta property=\"og:image:type\" content=\"image\/jpeg\" \/>\n<meta name=\"twitter:card\" content=\"summary_large_image\" \/>\n<script type=\"application\/ld+json\" class=\"yoast-schema-graph\">{\"@context\":\"https:\/\/schema.org\",\"@graph\":[{\"@type\":\"WebPage\",\"@id\":\"https:\/\/proteo.ca\/en\/for-research-professional\/\",\"url\":\"https:\/\/proteo.ca\/en\/for-research-professional\/\",\"name\":\"For research professional - PROTEO\",\"isPartOf\":{\"@id\":\"https:\/\/proteo.ca\/en\/#website\"},\"datePublished\":\"2025-10-02T14:59:40+00:00\",\"dateModified\":\"2025-10-08T18:15:54+00:00\",\"breadcrumb\":{\"@id\":\"https:\/\/proteo.ca\/en\/for-research-professional\/#breadcrumb\"},\"inLanguage\":\"en-US\",\"potentialAction\":[{\"@type\":\"ReadAction\",\"target\":[\"https:\/\/proteo.ca\/en\/for-research-professional\/\"]}]},{\"@type\":\"BreadcrumbList\",\"@id\":\"https:\/\/proteo.ca\/en\/for-research-professional\/#breadcrumb\",\"itemListElement\":[{\"@type\":\"ListItem\",\"position\":1,\"name\":\"Home\",\"item\":\"https:\/\/proteo.ca\/en\/\"},{\"@type\":\"ListItem\",\"position\":2,\"name\":\"For research professional\"}]},{\"@type\":\"WebSite\",\"@id\":\"https:\/\/proteo.ca\/en\/#website\",\"url\":\"https:\/\/proteo.ca\/en\/\",\"name\":\"PROTEO\",\"description\":\"Regroupement qu\u00e9b\u00e9cois de recherche sur la fonction, l&#039;ing\u00e9nierie et les applications des prot\u00e9ines\",\"publisher\":{\"@id\":\"https:\/\/proteo.ca\/en\/#organization\"},\"potentialAction\":[{\"@type\":\"SearchAction\",\"target\":{\"@type\":\"EntryPoint\",\"urlTemplate\":\"https:\/\/proteo.ca\/en\/?s={search_term_string}\"},\"query-input\":{\"@type\":\"PropertyValueSpecification\",\"valueRequired\":true,\"valueName\":\"search_term_string\"}}],\"inLanguage\":\"en-US\"},{\"@type\":\"Organization\",\"@id\":\"https:\/\/proteo.ca\/en\/#organization\",\"name\":\"PROTEO\",\"url\":\"https:\/\/proteo.ca\/en\/\",\"logo\":{\"@type\":\"ImageObject\",\"inLanguage\":\"en-US\",\"@id\":\"https:\/\/proteo.ca\/en\/#\/schema\/logo\/image\/\",\"url\":\"https:\/\/proteo.ca\/content\/uploads\/2019\/10\/logo_proteo.png\",\"contentUrl\":\"https:\/\/proteo.ca\/content\/uploads\/2019\/10\/logo_proteo.png\",\"width\":3300,\"height\":1500,\"caption\":\"PROTEO\"},\"image\":{\"@id\":\"https:\/\/proteo.ca\/en\/#\/schema\/logo\/image\/\"}}]}<\/script>\n<!-- \/ Yoast SEO plugin. -->","yoast_head_json":{"title":"For research professional - PROTEO","robots":{"index":"index","follow":"follow","max-snippet":"max-snippet:-1","max-image-preview":"max-image-preview:large","max-video-preview":"max-video-preview:-1"},"canonical":"https:\/\/proteo.ca\/en\/for-research-professional\/","og_locale":"en_US","og_type":"article","og_title":"For research professional - PROTEO","og_description":"PROTEO Financial Support PROTEO is pleased to offer various forms of support to assist its research professional members within the network. Discover the different funding and support options available to you:","og_url":"https:\/\/proteo.ca\/en\/for-research-professional\/","og_site_name":"PROTEO","article_modified_time":"2025-10-08T18:15:54+00:00","og_image":[{"width":1260,"height":810,"url":"https:\/\/proteo.ca\/content\/uploads\/2019\/10\/about.jpg","type":"image\/jpeg"}],"twitter_card":"summary_large_image","schema":{"@context":"https:\/\/schema.org","@graph":[{"@type":"WebPage","@id":"https:\/\/proteo.ca\/en\/for-research-professional\/","url":"https:\/\/proteo.ca\/en\/for-research-professional\/","name":"For research professional - PROTEO","isPartOf":{"@id":"https:\/\/proteo.ca\/en\/#website"},"datePublished":"2025-10-02T14:59:40+00:00","dateModified":"2025-10-08T18:15:54+00:00","breadcrumb":{"@id":"https:\/\/proteo.ca\/en\/for-research-professional\/#breadcrumb"},"inLanguage":"en-US","potentialAction":[{"@type":"ReadAction","target":["https:\/\/proteo.ca\/en\/for-research-professional\/"]}]},{"@type":"BreadcrumbList","@id":"https:\/\/proteo.ca\/en\/for-research-professional\/#breadcrumb","itemListElement":[{"@type":"ListItem","position":1,"name":"Home","item":"https:\/\/proteo.ca\/en\/"},{"@type":"ListItem","position":2,"name":"For research professional"}]},{"@type":"WebSite","@id":"https:\/\/proteo.ca\/en\/#website","url":"https:\/\/proteo.ca\/en\/","name":"PROTEO","description":"Regroupement qu\u00e9b\u00e9cois de recherche sur la fonction, l&#039;ing\u00e9nierie et les applications des prot\u00e9ines","publisher":{"@id":"https:\/\/proteo.ca\/en\/#organization"},"potentialAction":[{"@type":"SearchAction","target":{"@type":"EntryPoint","urlTemplate":"https:\/\/proteo.ca\/en\/?s={search_term_string}"},"query-input":{"@type":"PropertyValueSpecification","valueRequired":true,"valueName":"search_term_string"}}],"inLanguage":"en-US"},{"@type":"Organization","@id":"https:\/\/proteo.ca\/en\/#organization","name":"PROTEO","url":"https:\/\/proteo.ca\/en\/","logo":{"@type":"ImageObject","inLanguage":"en-US","@id":"https:\/\/proteo.ca\/en\/#\/schema\/logo\/image\/","url":"https:\/\/proteo.ca\/content\/uploads\/2019\/10\/logo_proteo.png","contentUrl":"https:\/\/proteo.ca\/content\/uploads\/2019\/10\/logo_proteo.png","width":3300,"height":1500,"caption":"PROTEO"},"image":{"@id":"https:\/\/proteo.ca\/en\/#\/schema\/logo\/image\/"}}]}},"_links":{"self":[{"href":"https:\/\/proteo.ca\/en\/wp-json\/wp\/v2\/pages\/2822","targetHints":{"allow":["GET"]}}],"collection":[{"href":"https:\/\/proteo.ca\/en\/wp-json\/wp\/v2\/pages"}],"about":[{"href":"https:\/\/proteo.ca\/en\/wp-json\/wp\/v2\/types\/page"}],"author":[{"embeddable":true,"href":"https:\/\/proteo.ca\/en\/wp-json\/wp\/v2\/users\/3"}],"replies":[{"embeddable":true,"href":"https:\/\/proteo.ca\/en\/wp-json\/wp\/v2\/comments?post=2822"}],"version-history":[{"count":3,"href":"https:\/\/proteo.ca\/en\/wp-json\/wp\/v2\/pages\/2822\/revisions"}],"predecessor-version":[{"id":2840,"href":"https:\/\/proteo.ca\/en\/wp-json\/wp\/v2\/pages\/2822\/revisions\/2840"}],"wp:attachment":[{"href":"https:\/\/proteo.ca\/en\/wp-json\/wp\/v2\/media?parent=2822"}],"curies":[{"name":"wp","href":"https:\/\/api.w.org\/{rel}","templated":true}]}}