{"id":654,"date":"2021-09-02T19:15:30","date_gmt":"2021-09-02T19:15:30","guid":{"rendered":"http:\/\/proteo.ca\/?page_id=654"},"modified":"2021-09-09T19:02:11","modified_gmt":"2021-09-09T19:02:11","slug":"trainings-workshops-interviews-and-lectures","status":"publish","type":"page","link":"https:\/\/proteo.ca\/en\/trainings-workshops-interviews-and-lectures\/","title":{"rendered":"Trainings, workshops, interviews and lectures"},"content":{"rendered":"<figure id=\"attachment_640\" aria-describedby=\"caption-attachment-640\" style=\"width: 1024px\" class=\"wp-caption aligncenter\"><img loading=\"lazy\" decoding=\"async\" class=\"wp-image-640 size-large\" src=\"http:\/\/proteo.ca\/content\/uploads\/2021\/09\/sam-balye-w1fwdvirezu-unsplash-1024x723.jpg\" alt=\"\" width=\"1024\" height=\"723\" srcset=\"https:\/\/proteo.ca\/content\/uploads\/2021\/09\/sam-balye-w1fwdvirezu-unsplash-1024x723.jpg 1024w, https:\/\/proteo.ca\/content\/uploads\/2021\/09\/sam-balye-w1fwdvirezu-unsplash-300x212.jpg 300w, https:\/\/proteo.ca\/content\/uploads\/2021\/09\/sam-balye-w1fwdvirezu-unsplash-768x542.jpg 768w, https:\/\/proteo.ca\/content\/uploads\/2021\/09\/sam-balye-w1fwdvirezu-unsplash-142x100.jpg 142w, https:\/\/proteo.ca\/content\/uploads\/2021\/09\/sam-balye-w1fwdvirezu-unsplash-500x353.jpg 500w, https:\/\/proteo.ca\/content\/uploads\/2021\/09\/sam-balye-w1fwdvirezu-unsplash-1000x706.jpg 1000w, https:\/\/proteo.ca\/content\/uploads\/2021\/09\/sam-balye-w1fwdvirezu-unsplash-1400x988.jpg 1400w\" sizes=\"auto, (max-width: 1024px) 100vw, 1024px\" \/><figcaption id=\"caption-attachment-640\" class=\"wp-caption-text\">Photo by Sam Balye on Unsplash<\/figcaption><\/figure>\n<h2>Workshops<\/h2>\n<h3><a href=\"https:\/\/youtube.com\/playlist?list=PLW19GvyFG7QCBA00kCC5YIgR0tyoibTEc\">Workshop in 16 modules on Illustrator\u00a0<\/a>&#8211; offered by Alexandre Poulhazan<\/h3>\n<h2><a style=\"font-size: 16px;\" href=\"https:\/\/youtube.com\/playlist?list=PLW19GvyFG7QCBA00kCC5YIgR0tyoibTEc\"><img loading=\"lazy\" decoding=\"async\" class=\"alignnone size-medium wp-image-645\" src=\"http:\/\/proteo.ca\/content\/uploads\/2021\/09\/atelier-illustrator-300x191.jpg\" alt=\"\" width=\"300\" height=\"191\" srcset=\"https:\/\/proteo.ca\/content\/uploads\/2021\/09\/atelier-illustrator-300x191.jpg 300w, https:\/\/proteo.ca\/content\/uploads\/2021\/09\/atelier-illustrator-157x100.jpg 157w, https:\/\/proteo.ca\/content\/uploads\/2021\/09\/atelier-illustrator-500x319.jpg 500w, https:\/\/proteo.ca\/content\/uploads\/2021\/09\/atelier-illustrator.jpg 704w\" sizes=\"auto, (max-width: 300px) 100vw, 300px\" \/><\/a><\/h2>\n<h2>Trainings<\/h2>\n<h3>&#8220;<a href=\"https:\/\/youtu.be\/Ys-dDfYfvwM\">Key tips for writing better science papers<\/a>&#8221; &#8211; training by Nicolas Doucet, Ph.D. of the Centre Armand-Frappier &#8211; Sant\u00e9 Biotechnologie, INRS<\/h3>\n<a href=\"https:\/\/youtu.be\/Ys-dDfYfvwM\"><img loading=\"lazy\" decoding=\"async\" class=\"alignnone size-medium wp-image-666\" src=\"http:\/\/proteo.ca\/content\/uploads\/2021\/09\/nic_doucet_key_tips-300x153.jpg\" alt=\"\" width=\"300\" height=\"153\" srcset=\"https:\/\/proteo.ca\/content\/uploads\/2021\/09\/nic_doucet_key_tips-300x153.jpg 300w, https:\/\/proteo.ca\/content\/uploads\/2021\/09\/nic_doucet_key_tips-768x392.jpg 768w, https:\/\/proteo.ca\/content\/uploads\/2021\/09\/nic_doucet_key_tips-196x100.jpg 196w, https:\/\/proteo.ca\/content\/uploads\/2021\/09\/nic_doucet_key_tips-500x255.jpg 500w, https:\/\/proteo.ca\/content\/uploads\/2021\/09\/nic_doucet_key_tips.jpg 798w\" sizes=\"auto, (max-width: 300px) 100vw, 300px\" \/><\/a>\n<h2>Interviews<\/h2>\n<h3><a href=\"https:\/\/theplosblog.plos.org\/2017\/04\/directed-evolution-in-synthetic-biology-an-interview-with-professor-frances-arnold\/\">Interview with Frances Arnold with Daniela Quaglia (Joelle Pelletier&#8217;s lab) &#8211; April 18, 2017<\/a><\/h3>\n<a href=\"https:\/\/theplosblog.plos.org\/2017\/04\/directed-evolution-in-synthetic-biology-an-interview-with-professor-frances-arnold\/\"><img loading=\"lazy\" decoding=\"async\" class=\"alignnone size-medium wp-image-652\" src=\"http:\/\/proteo.ca\/content\/uploads\/2021\/09\/interview-synthetic-biology-frances-arnold-300x169.jpg\" alt=\"\" width=\"300\" height=\"169\" srcset=\"https:\/\/proteo.ca\/content\/uploads\/2021\/09\/interview-synthetic-biology-frances-arnold-300x169.jpg 300w, https:\/\/proteo.ca\/content\/uploads\/2021\/09\/interview-synthetic-biology-frances-arnold-178x100.jpg 178w, https:\/\/proteo.ca\/content\/uploads\/2021\/09\/interview-synthetic-biology-frances-arnold-500x281.jpg 500w, https:\/\/proteo.ca\/content\/uploads\/2021\/09\/interview-synthetic-biology-frances-arnold.jpg 697w\" sizes=\"auto, (max-width: 300px) 100vw, 300px\" \/><\/a>\n<h2>Lectures<\/h2>\n","protected":false},"excerpt":{"rendered":"<p>Workshops Workshop in 16 modules on Illustrator\u00a0&#8211; offered by Alexandre Poulhazan Trainings &#8220;Key tips for writing better science papers&#8221; &#8211; training by Nicolas Doucet, Ph.D. of the Centre Armand-Frappier &#8211; Sant\u00e9 Biotechnologie, INRS Interviews Interview with Frances Arnold with Daniela Quaglia (Joelle Pelletier&#8217;s lab) &#8211; April 18, 2017 Lectures<\/p>\n","protected":false},"author":3,"featured_media":0,"parent":0,"menu_order":0,"comment_status":"closed","ping_status":"closed","template":"","meta":{"_acf_changed":false,"footnotes":""},"class_list":["post-654","page","type-page","status-publish","hentry"],"acf":[],"yoast_head":"<!-- This site is optimized with the Yoast SEO plugin v26.1.1 - https:\/\/yoast.com\/wordpress\/plugins\/seo\/ -->\n<title>Trainings, workshops, interviews and lectures - PROTEO<\/title>\n<meta name=\"robots\" content=\"index, follow, max-snippet:-1, max-image-preview:large, max-video-preview:-1\" \/>\n<link rel=\"canonical\" href=\"https:\/\/proteo.ca\/en\/trainings-workshops-interviews-and-lectures\/\" \/>\n<meta property=\"og:locale\" content=\"en_US\" \/>\n<meta property=\"og:type\" content=\"article\" \/>\n<meta property=\"og:title\" content=\"Trainings, workshops, interviews and lectures - PROTEO\" \/>\n<meta property=\"og:description\" content=\"Workshops Workshop in 16 modules on Illustrator\u00a0&#8211; offered by Alexandre Poulhazan Trainings &#8220;Key tips for writing better science papers&#8221; &#8211; training by Nicolas Doucet, Ph.D. of the Centre Armand-Frappier &#8211; Sant\u00e9 Biotechnologie, INRS Interviews Interview with Frances Arnold with Daniela Quaglia (Joelle Pelletier&#8217;s lab) &#8211; April 18, 2017 Lectures\" \/>\n<meta property=\"og:url\" content=\"https:\/\/proteo.ca\/en\/trainings-workshops-interviews-and-lectures\/\" \/>\n<meta property=\"og:site_name\" content=\"PROTEO\" \/>\n<meta property=\"article:modified_time\" content=\"2021-09-09T19:02:11+00:00\" \/>\n<meta property=\"og:image\" content=\"https:\/\/proteo.ca\/content\/uploads\/2021\/09\/sam-balye-w1fwdvirezu-unsplash-1024x723.jpg\" \/>\n\t<meta property=\"og:image:width\" content=\"1024\" \/>\n\t<meta property=\"og:image:height\" content=\"723\" \/>\n\t<meta property=\"og:image:type\" content=\"image\/jpeg\" \/>\n<meta name=\"twitter:card\" content=\"summary_large_image\" \/>\n<script type=\"application\/ld+json\" class=\"yoast-schema-graph\">{\"@context\":\"https:\/\/schema.org\",\"@graph\":[{\"@type\":\"WebPage\",\"@id\":\"https:\/\/proteo.ca\/en\/trainings-workshops-interviews-and-lectures\/\",\"url\":\"https:\/\/proteo.ca\/en\/trainings-workshops-interviews-and-lectures\/\",\"name\":\"Trainings, workshops, interviews and lectures - PROTEO\",\"isPartOf\":{\"@id\":\"https:\/\/proteo.ca\/en\/#website\"},\"primaryImageOfPage\":{\"@id\":\"https:\/\/proteo.ca\/en\/trainings-workshops-interviews-and-lectures\/#primaryimage\"},\"image\":{\"@id\":\"https:\/\/proteo.ca\/en\/trainings-workshops-interviews-and-lectures\/#primaryimage\"},\"thumbnailUrl\":\"http:\/\/proteo.ca\/content\/uploads\/2021\/09\/sam-balye-w1fwdvirezu-unsplash-1024x723.jpg\",\"datePublished\":\"2021-09-02T19:15:30+00:00\",\"dateModified\":\"2021-09-09T19:02:11+00:00\",\"breadcrumb\":{\"@id\":\"https:\/\/proteo.ca\/en\/trainings-workshops-interviews-and-lectures\/#breadcrumb\"},\"inLanguage\":\"en-US\",\"potentialAction\":[{\"@type\":\"ReadAction\",\"target\":[\"https:\/\/proteo.ca\/en\/trainings-workshops-interviews-and-lectures\/\"]}]},{\"@type\":\"ImageObject\",\"inLanguage\":\"en-US\",\"@id\":\"https:\/\/proteo.ca\/en\/trainings-workshops-interviews-and-lectures\/#primaryimage\",\"url\":\"http:\/\/proteo.ca\/content\/uploads\/2021\/09\/sam-balye-w1fwdvirezu-unsplash-1024x723.jpg\",\"contentUrl\":\"http:\/\/proteo.ca\/content\/uploads\/2021\/09\/sam-balye-w1fwdvirezu-unsplash-1024x723.jpg\"},{\"@type\":\"BreadcrumbList\",\"@id\":\"https:\/\/proteo.ca\/en\/trainings-workshops-interviews-and-lectures\/#breadcrumb\",\"itemListElement\":[{\"@type\":\"ListItem\",\"position\":1,\"name\":\"Home\",\"item\":\"https:\/\/proteo.ca\/en\/\"},{\"@type\":\"ListItem\",\"position\":2,\"name\":\"Trainings, workshops, interviews and lectures\"}]},{\"@type\":\"WebSite\",\"@id\":\"https:\/\/proteo.ca\/en\/#website\",\"url\":\"https:\/\/proteo.ca\/en\/\",\"name\":\"PROTEO\",\"description\":\"Regroupement qu\u00e9b\u00e9cois de recherche sur la fonction, l&#039;ing\u00e9nierie et les applications des prot\u00e9ines\",\"publisher\":{\"@id\":\"https:\/\/proteo.ca\/en\/#organization\"},\"potentialAction\":[{\"@type\":\"SearchAction\",\"target\":{\"@type\":\"EntryPoint\",\"urlTemplate\":\"https:\/\/proteo.ca\/en\/?s={search_term_string}\"},\"query-input\":{\"@type\":\"PropertyValueSpecification\",\"valueRequired\":true,\"valueName\":\"search_term_string\"}}],\"inLanguage\":\"en-US\"},{\"@type\":\"Organization\",\"@id\":\"https:\/\/proteo.ca\/en\/#organization\",\"name\":\"PROTEO\",\"url\":\"https:\/\/proteo.ca\/en\/\",\"logo\":{\"@type\":\"ImageObject\",\"inLanguage\":\"en-US\",\"@id\":\"https:\/\/proteo.ca\/en\/#\/schema\/logo\/image\/\",\"url\":\"https:\/\/proteo.ca\/content\/uploads\/2019\/10\/logo_proteo.png\",\"contentUrl\":\"https:\/\/proteo.ca\/content\/uploads\/2019\/10\/logo_proteo.png\",\"width\":3300,\"height\":1500,\"caption\":\"PROTEO\"},\"image\":{\"@id\":\"https:\/\/proteo.ca\/en\/#\/schema\/logo\/image\/\"}}]}<\/script>\n<!-- \/ Yoast SEO plugin. -->","yoast_head_json":{"title":"Trainings, workshops, interviews and lectures - PROTEO","robots":{"index":"index","follow":"follow","max-snippet":"max-snippet:-1","max-image-preview":"max-image-preview:large","max-video-preview":"max-video-preview:-1"},"canonical":"https:\/\/proteo.ca\/en\/trainings-workshops-interviews-and-lectures\/","og_locale":"en_US","og_type":"article","og_title":"Trainings, workshops, interviews and lectures - PROTEO","og_description":"Workshops Workshop in 16 modules on Illustrator\u00a0&#8211; offered by Alexandre Poulhazan Trainings &#8220;Key tips for writing better science papers&#8221; &#8211; training by Nicolas Doucet, Ph.D. of the Centre Armand-Frappier &#8211; Sant\u00e9 Biotechnologie, INRS Interviews Interview with Frances Arnold with Daniela Quaglia (Joelle Pelletier&#8217;s lab) &#8211; April 18, 2017 Lectures","og_url":"https:\/\/proteo.ca\/en\/trainings-workshops-interviews-and-lectures\/","og_site_name":"PROTEO","article_modified_time":"2021-09-09T19:02:11+00:00","og_image":[{"width":1024,"height":723,"url":"https:\/\/proteo.ca\/content\/uploads\/2021\/09\/sam-balye-w1fwdvirezu-unsplash-1024x723.jpg","type":"image\/jpeg"}],"twitter_card":"summary_large_image","schema":{"@context":"https:\/\/schema.org","@graph":[{"@type":"WebPage","@id":"https:\/\/proteo.ca\/en\/trainings-workshops-interviews-and-lectures\/","url":"https:\/\/proteo.ca\/en\/trainings-workshops-interviews-and-lectures\/","name":"Trainings, workshops, interviews and lectures - PROTEO","isPartOf":{"@id":"https:\/\/proteo.ca\/en\/#website"},"primaryImageOfPage":{"@id":"https:\/\/proteo.ca\/en\/trainings-workshops-interviews-and-lectures\/#primaryimage"},"image":{"@id":"https:\/\/proteo.ca\/en\/trainings-workshops-interviews-and-lectures\/#primaryimage"},"thumbnailUrl":"http:\/\/proteo.ca\/content\/uploads\/2021\/09\/sam-balye-w1fwdvirezu-unsplash-1024x723.jpg","datePublished":"2021-09-02T19:15:30+00:00","dateModified":"2021-09-09T19:02:11+00:00","breadcrumb":{"@id":"https:\/\/proteo.ca\/en\/trainings-workshops-interviews-and-lectures\/#breadcrumb"},"inLanguage":"en-US","potentialAction":[{"@type":"ReadAction","target":["https:\/\/proteo.ca\/en\/trainings-workshops-interviews-and-lectures\/"]}]},{"@type":"ImageObject","inLanguage":"en-US","@id":"https:\/\/proteo.ca\/en\/trainings-workshops-interviews-and-lectures\/#primaryimage","url":"http:\/\/proteo.ca\/content\/uploads\/2021\/09\/sam-balye-w1fwdvirezu-unsplash-1024x723.jpg","contentUrl":"http:\/\/proteo.ca\/content\/uploads\/2021\/09\/sam-balye-w1fwdvirezu-unsplash-1024x723.jpg"},{"@type":"BreadcrumbList","@id":"https:\/\/proteo.ca\/en\/trainings-workshops-interviews-and-lectures\/#breadcrumb","itemListElement":[{"@type":"ListItem","position":1,"name":"Home","item":"https:\/\/proteo.ca\/en\/"},{"@type":"ListItem","position":2,"name":"Trainings, workshops, interviews and lectures"}]},{"@type":"WebSite","@id":"https:\/\/proteo.ca\/en\/#website","url":"https:\/\/proteo.ca\/en\/","name":"PROTEO","description":"Regroupement qu\u00e9b\u00e9cois de recherche sur la fonction, l&#039;ing\u00e9nierie et les applications des prot\u00e9ines","publisher":{"@id":"https:\/\/proteo.ca\/en\/#organization"},"potentialAction":[{"@type":"SearchAction","target":{"@type":"EntryPoint","urlTemplate":"https:\/\/proteo.ca\/en\/?s={search_term_string}"},"query-input":{"@type":"PropertyValueSpecification","valueRequired":true,"valueName":"search_term_string"}}],"inLanguage":"en-US"},{"@type":"Organization","@id":"https:\/\/proteo.ca\/en\/#organization","name":"PROTEO","url":"https:\/\/proteo.ca\/en\/","logo":{"@type":"ImageObject","inLanguage":"en-US","@id":"https:\/\/proteo.ca\/en\/#\/schema\/logo\/image\/","url":"https:\/\/proteo.ca\/content\/uploads\/2019\/10\/logo_proteo.png","contentUrl":"https:\/\/proteo.ca\/content\/uploads\/2019\/10\/logo_proteo.png","width":3300,"height":1500,"caption":"PROTEO"},"image":{"@id":"https:\/\/proteo.ca\/en\/#\/schema\/logo\/image\/"}}]}},"_links":{"self":[{"href":"https:\/\/proteo.ca\/en\/wp-json\/wp\/v2\/pages\/654","targetHints":{"allow":["GET"]}}],"collection":[{"href":"https:\/\/proteo.ca\/en\/wp-json\/wp\/v2\/pages"}],"about":[{"href":"https:\/\/proteo.ca\/en\/wp-json\/wp\/v2\/types\/page"}],"author":[{"embeddable":true,"href":"https:\/\/proteo.ca\/en\/wp-json\/wp\/v2\/users\/3"}],"replies":[{"embeddable":true,"href":"https:\/\/proteo.ca\/en\/wp-json\/wp\/v2\/comments?post=654"}],"version-history":[{"count":10,"href":"https:\/\/proteo.ca\/en\/wp-json\/wp\/v2\/pages\/654\/revisions"}],"predecessor-version":[{"id":672,"href":"https:\/\/proteo.ca\/en\/wp-json\/wp\/v2\/pages\/654\/revisions\/672"}],"wp:attachment":[{"href":"https:\/\/proteo.ca\/en\/wp-json\/wp\/v2\/media?parent=654"}],"curies":[{"name":"wp","href":"https:\/\/api.w.org\/{rel}","templated":true}]}}