{"id":683,"date":"2021-09-27T15:59:59","date_gmt":"2021-09-27T15:59:59","guid":{"rendered":"http:\/\/proteo.ca\/espace-membre\/"},"modified":"2024-03-06T16:12:03","modified_gmt":"2024-03-06T16:12:03","slug":"member-portal","status":"publish","type":"page","link":"https:\/\/proteo.ca\/en\/member-portal\/","title":{"rendered":"Member portal"},"content":{"rendered":"","protected":true},"excerpt":{"rendered":"","protected":true},"author":3,"featured_media":0,"parent":0,"menu_order":0,"comment_status":"closed","ping_status":"closed","template":"page-member-portal.php","meta":{"_acf_changed":false,"footnotes":""},"class_list":["post-683","page","type-page","status-publish","post-password-required","hentry"],"acf":[],"yoast_head":"<!-- This site is optimized with the Yoast SEO plugin v26.1.1 - https:\/\/yoast.com\/wordpress\/plugins\/seo\/ -->\n<title>Member portal - PROTEO<\/title>\n<meta name=\"robots\" content=\"index, follow, max-snippet:-1, max-image-preview:large, max-video-preview:-1\" \/>\n<link rel=\"canonical\" href=\"https:\/\/proteo.ca\/en\/member-portal\/\" \/>\n<meta property=\"og:locale\" content=\"en_US\" \/>\n<meta property=\"og:type\" content=\"article\" \/>\n<meta property=\"og:title\" content=\"Member portal - PROTEO\" \/>\n<meta property=\"og:description\" content=\"There is no excerpt because this is a protected post.\" \/>\n<meta property=\"og:url\" content=\"https:\/\/proteo.ca\/en\/member-portal\/\" \/>\n<meta property=\"og:site_name\" content=\"PROTEO\" \/>\n<meta property=\"article:modified_time\" content=\"2024-03-06T16:12:03+00:00\" \/>\n<meta name=\"twitter:card\" content=\"summary_large_image\" \/>\n<script type=\"application\/ld+json\" class=\"yoast-schema-graph\">{\"@context\":\"https:\/\/schema.org\",\"@graph\":[{\"@type\":\"WebPage\",\"@id\":\"https:\/\/proteo.ca\/en\/member-portal\/\",\"url\":\"https:\/\/proteo.ca\/en\/member-portal\/\",\"name\":\"Member portal - PROTEO\",\"isPartOf\":{\"@id\":\"https:\/\/proteo.ca\/en\/#website\"},\"datePublished\":\"2021-09-27T15:59:59+00:00\",\"dateModified\":\"2024-03-06T16:12:03+00:00\",\"breadcrumb\":{\"@id\":\"https:\/\/proteo.ca\/en\/member-portal\/#breadcrumb\"},\"inLanguage\":\"en-US\"},{\"@type\":\"WebSite\",\"@id\":\"https:\/\/proteo.ca\/en\/#website\",\"url\":\"https:\/\/proteo.ca\/en\/\",\"name\":\"PROTEO\",\"description\":\"Regroupement qu\u00e9b\u00e9cois de recherche sur la fonction, l&#039;ing\u00e9nierie et les applications des prot\u00e9ines\",\"publisher\":{\"@id\":\"https:\/\/proteo.ca\/en\/#organization\"},\"potentialAction\":[{\"@type\":\"SearchAction\",\"target\":{\"@type\":\"EntryPoint\",\"urlTemplate\":\"https:\/\/proteo.ca\/en\/?s={search_term_string}\"},\"query-input\":{\"@type\":\"PropertyValueSpecification\",\"valueRequired\":true,\"valueName\":\"search_term_string\"}}],\"inLanguage\":\"en-US\"},{\"@type\":\"Organization\",\"@id\":\"https:\/\/proteo.ca\/en\/#organization\",\"name\":\"PROTEO\",\"url\":\"https:\/\/proteo.ca\/en\/\",\"logo\":{\"@type\":\"ImageObject\",\"inLanguage\":\"en-US\",\"@id\":\"https:\/\/proteo.ca\/en\/#\/schema\/logo\/image\/\",\"url\":\"https:\/\/proteo.ca\/content\/uploads\/2019\/10\/logo_proteo.png\",\"contentUrl\":\"https:\/\/proteo.ca\/content\/uploads\/2019\/10\/logo_proteo.png\",\"width\":3300,\"height\":1500,\"caption\":\"PROTEO\"},\"image\":{\"@id\":\"https:\/\/proteo.ca\/en\/#\/schema\/logo\/image\/\"}}]}<\/script>\n<!-- \/ Yoast SEO plugin. -->","yoast_head_json":{"title":"Member portal - PROTEO","robots":{"index":"index","follow":"follow","max-snippet":"max-snippet:-1","max-image-preview":"max-image-preview:large","max-video-preview":"max-video-preview:-1"},"canonical":"https:\/\/proteo.ca\/en\/member-portal\/","og_locale":"en_US","og_type":"article","og_title":"Member portal - PROTEO","og_description":"There is no excerpt because this is a protected post.","og_url":"https:\/\/proteo.ca\/en\/member-portal\/","og_site_name":"PROTEO","article_modified_time":"2024-03-06T16:12:03+00:00","twitter_card":"summary_large_image","schema":{"@context":"https:\/\/schema.org","@graph":[{"@type":"WebPage","@id":"https:\/\/proteo.ca\/en\/member-portal\/","url":"https:\/\/proteo.ca\/en\/member-portal\/","name":"Member portal - PROTEO","isPartOf":{"@id":"https:\/\/proteo.ca\/en\/#website"},"datePublished":"2021-09-27T15:59:59+00:00","dateModified":"2024-03-06T16:12:03+00:00","breadcrumb":{"@id":"https:\/\/proteo.ca\/en\/member-portal\/#breadcrumb"},"inLanguage":"en-US"},{"@type":"WebSite","@id":"https:\/\/proteo.ca\/en\/#website","url":"https:\/\/proteo.ca\/en\/","name":"PROTEO","description":"Regroupement qu\u00e9b\u00e9cois de recherche sur la fonction, l&#039;ing\u00e9nierie et les applications des prot\u00e9ines","publisher":{"@id":"https:\/\/proteo.ca\/en\/#organization"},"potentialAction":[{"@type":"SearchAction","target":{"@type":"EntryPoint","urlTemplate":"https:\/\/proteo.ca\/en\/?s={search_term_string}"},"query-input":{"@type":"PropertyValueSpecification","valueRequired":true,"valueName":"search_term_string"}}],"inLanguage":"en-US"},{"@type":"Organization","@id":"https:\/\/proteo.ca\/en\/#organization","name":"PROTEO","url":"https:\/\/proteo.ca\/en\/","logo":{"@type":"ImageObject","inLanguage":"en-US","@id":"https:\/\/proteo.ca\/en\/#\/schema\/logo\/image\/","url":"https:\/\/proteo.ca\/content\/uploads\/2019\/10\/logo_proteo.png","contentUrl":"https:\/\/proteo.ca\/content\/uploads\/2019\/10\/logo_proteo.png","width":3300,"height":1500,"caption":"PROTEO"},"image":{"@id":"https:\/\/proteo.ca\/en\/#\/schema\/logo\/image\/"}}]}},"_links":{"self":[{"href":"https:\/\/proteo.ca\/en\/wp-json\/wp\/v2\/pages\/683","targetHints":{"allow":["GET"]}}],"collection":[{"href":"https:\/\/proteo.ca\/en\/wp-json\/wp\/v2\/pages"}],"about":[{"href":"https:\/\/proteo.ca\/en\/wp-json\/wp\/v2\/types\/page"}],"author":[{"embeddable":true,"href":"https:\/\/proteo.ca\/en\/wp-json\/wp\/v2\/users\/3"}],"replies":[{"embeddable":true,"href":"https:\/\/proteo.ca\/en\/wp-json\/wp\/v2\/comments?post=683"}],"version-history":[{"count":7,"href":"https:\/\/proteo.ca\/en\/wp-json\/wp\/v2\/pages\/683\/revisions"}],"predecessor-version":[{"id":1806,"href":"https:\/\/proteo.ca\/en\/wp-json\/wp\/v2\/pages\/683\/revisions\/1806"}],"wp:attachment":[{"href":"https:\/\/proteo.ca\/en\/wp-json\/wp\/v2\/media?parent=683"}],"curies":[{"name":"wp","href":"https:\/\/api.w.org\/{rel}","templated":true}]}}